{"id":435,"date":"2023-02-24T18:48:39","date_gmt":"2023-02-24T17:48:39","guid":{"rendered":"http:\/\/csdssic.cluster029.hosting.ovh.net\/?page_id=435"},"modified":"2023-02-24T22:21:14","modified_gmt":"2023-02-24T21:21:14","slug":"polityka-cookies","status":"publish","type":"page","link":"https:\/\/iptechinstalacje.pl\/index.php\/polityka-cookies\/","title":{"rendered":"Polityka cookies"},"content":{"rendered":"<section  class='av_textblock_section av-leisdgmo-2d2aff1e98e998990fbcf72c48d06373'  itemscope=\"itemscope\" itemtype=\"https:\/\/schema.org\/CreativeWork\" ><div class='avia_textblock'  itemprop=\"text\" ><p><strong>Wst\u0119p<\/strong><\/p>\n<p>Niniejsza polityka prywatno\u015bci (zwana dalej \u201e<strong>Polityk\u0105<\/strong>\u201d) zawiera informacje odno\u015bnie przetwarzania przez\u00a0administratora danych, okre\u015blonego poni\u017cej Twoich\u00a0danych osobowych, jak r\u00f3wnie\u017c wykorzystywanie plik\u00f3w cookies.<\/p>\n<p><strong>Przetwarzanie danych osobowych<\/strong><\/p>\n<p>w\u00a0zwi\u0105zku ze\u00a0stosowaniem od\u00a0dnia 25\u00a0maja 2018\u00a0roku rozporz\u0105dzeniem Parlamentu Europejskiego i\u00a0Rady (UE) 2016\/679\u00a0z\u00a0dnia 27\u00a0kwietnia 2016\u00a0r. w\u00a0sprawie ochrony os\u00f3b fizycznych w\u00a0zwi\u0105zku z\u00a0przetwarzaniem danych osobowych i\u00a0w\u00a0sprawie swobodnego przep\u0142ywu takich danych oraz\u00a0uchylenia dyrektywy 95\/46\/WE (dalej zwanym \u201e<strong>RODO<\/strong>\u201d) (Dz.\u00a0U. UE L z\u00a0dnia 4\u00a0maja 2016\u00a0r.) na\u00a0podstawie art. 13\u00a0RODO poni\u017cej przedstawiamy Ci informacj\u0119 na\u00a0temat przetwarzania przez\u00a0nas Twoich\u00a0danych osobowych.<\/p>\n<p><strong>I\u00a0\u2013 Administrator:<\/strong><\/p>\n<p>Administratorem Twoich\u00a0danych jest IP Tech z\u00a0siedzib\u0105 w\u00a0Warszawie 02-785, ul.\u00a0Puszczyka 4\/5, zarejestrowan\u0105 w\u00a0rejestrze przedsi\u0119biorc\u00f3w Krajowego Rejestru S\u0105dowego przez\u00a0S\u0105d Rejonowy dla m.st. Warszawy w\u00a0Warszawie, Wydzia\u0142 XII Krajowego Rejestru S\u0105dowego pod\u00a0numerem 0000000000, pos\u0142uguj\u0105ca si\u0119 numerem NIP 9512103570, oraz\u00a0adresem e-mail biuro@iptechinstalacja.pl (dalej zwana \u201e<strong>ADO<\/strong>\u201d).<\/p>\n<p><strong>II-Inspektor Ochrony Danych:<\/strong><\/p>\n<p>Od\u00a025\u00a0maja 2018\u00a0roku b\u0119dziesz mog\u0142a\/m\u00f3g\u0142 kontaktowa\u0107 si\u0119 z\u00a0naszym Inspektorem Ochrony Danych jest dost\u0119pnym pod\u00a0oraz\u00a0adresem e-mail info@cloudware.pl we\u00a0wszystkich sprawach dotycz\u0105cych przetwarzania przez\u00a0nas Twoich\u00a0danych osobowych.<\/p>\n<p><strong>III-Cele i\u00a0podstawy przetwarzania Twoich\u00a0danych:<\/strong><\/p>\n<p>Przetwarzamy Twoje\u00a0dane na\u00a0podstawie naszego uzasadnionego interesu (art. 6\u00a0ust. 1\u00a0lit f RODO), kt\u00f3ry\u00a0stanowi:<\/p>\n<p><strong>IV \u2013 Odbiorcy danych<\/strong><\/p>\n<p>Pa\u0144stwa dane mog\u0105 zosta\u0107 przekazane podmiotom publicznym lub prywatnym je\u015bli taki obowi\u0105zek b\u0119dzie wynika\u0107 z\u00a0powszechnie obowi\u0105zuj\u0105cych przepis\u00f3w prawa oraz\u00a0firmie \u015bwiadcz\u0105cej us\u0142ugi hostingowe.<\/p>\n<p><strong>IV \u2013 Okres przechowywania danych:<\/strong><\/p>\n<p>B\u0119dziemy przetwarza\u0107 Twoje\u00a0dane przez\u00a0nast\u0119puj\u0105cy czasu:<\/p>\n<p><strong>V \u2013 Przekazywanie danych do\u00a0Pa\u0144stwa trzeciego:<\/strong><\/p>\n<p>Twoje\u00a0dane nie\u00a0s\u0105 przekazywane poza obszar Europejskiego Obszaru Gospodarczego.<\/p>\n<p><strong>VI \u2013 Twoje\u00a0prawa:<\/strong><\/p>\n<p>Uprzejmie informujemy, \u017ce\u00a0przys\u0142uguje Ci prawo do:<\/p>\n<p>mo\u017cesz wnie\u015b\u0107 sprzeciw wobec przetwarzania Twoich\u00a0danych osobowych do\u00a0cel\u00f3w marketingowych, je\u015bli takie przetwarzanie nast\u0119puje na\u00a0podstawie uzasadnionego interesu administratora, a\u00a0my zaprzestaniemy takiego przetwarzania<\/p>\n<p>mo\u017cesz r\u00f3wnie\u017c wnie\u015b\u0107 sprzeciw wobec przetwarzania Twoich\u00a0danych do\u00a0innych cel\u00f3w, je\u015bli podstaw\u0119 prawn\u0105 przetwarzania stanowi uzasadniony interes administratora. \u017b\u0105danie powinno zawiera\u0107 uzasadnienie sprzeciwu poprzez okre\u015blenie co stanowi szczeg\u00f3ln\u0105 sytuacj\u0119, z\u00a0uwagi na\u00a0kt\u00f3r\u0105 sk\u0142adasz sprzeciw. Sprzeciw nie\u00a0zostanie uwzgl\u0119dniony je\u015bli wyka\u017cemy, \u017ce\u00a0nasz uzasadniony interes jest nadrz\u0119dny wobec Twojego\u00a0roszczenia lub \u017ce\u00a0Twoje\u00a0dane s\u0105 nam potrzebne do\u00a0ustalenia, dochodzenia lub obrony roszcze\u0144 wobec Ciebie.<\/p>\n<p>prawo do\u00a0przenoszenia danych dotyczy danych przetwarzanych w\u00a0spos\u00f3b zautomatyzowany, kt\u00f3re nam dostarczy\u0142a\u015b\/dostarczy\u0142e\u015b na\u00a0podstawie zgody lub umowy. Mo\u017cesz je otrzyma\u0107 w\u00a0ustrukturowanym formacie np.\u00a0xml, albo\u00a0mo\u017cemy je przes\u0142a\u0107 bezpo\u015brednio do\u00a0wskazanego administratora danych.<\/p>\n<p><strong>VII \u2013 Informacja o\u00a0wymogu\/dobrowolno\u015bci podania danych<\/strong><\/p>\n<p>Je\u017celi wymagaj\u0105 tego przepisy prawa podanie mo\u017cemy wymaga\u0107 od\u00a0Ciebie podania nam Twoich\u00a0danych.<\/p>\n<p>Wszystkie inne przypadki podania danych osobowych s\u0105 dobrowolne.<\/p>\n<p>Pliki cookies<\/p>\n<\/div><\/section>\n","protected":false},"excerpt":{"rendered":"","protected":false},"author":2,"featured_media":298,"parent":0,"menu_order":0,"comment_status":"closed","ping_status":"closed","template":"","meta":{"footnotes":""},"class_list":["post-435","page","type-page","status-publish","has-post-thumbnail","hentry"],"yoast_head":"<!-- This site is optimized with the Yoast SEO plugin v20.2.1 - https:\/\/yoast.com\/wordpress\/plugins\/seo\/ -->\n<title>Polityka cookies - IPTech<\/title>\n<meta name=\"robots\" content=\"index, follow, max-snippet:-1, max-image-preview:large, max-video-preview:-1\" \/>\n<link rel=\"canonical\" href=\"https:\/\/iptechinstalacje.pl\/index.php\/polityka-cookies\/\" \/>\n<meta property=\"og:locale\" content=\"pl_PL\" \/>\n<meta property=\"og:type\" content=\"article\" \/>\n<meta property=\"og:title\" content=\"Polityka cookies - IPTech\" \/>\n<meta property=\"og:url\" content=\"https:\/\/iptechinstalacje.pl\/index.php\/polityka-cookies\/\" \/>\n<meta property=\"og:site_name\" content=\"IPTech\" \/>\n<meta property=\"article:modified_time\" content=\"2023-02-24T21:21:14+00:00\" \/>\n<meta property=\"og:image\" content=\"https:\/\/iptechinstalacje.pl\/wp-content\/uploads\/2023\/02\/iptech_2.png\" \/>\n\t<meta property=\"og:image:width\" content=\"173\" \/>\n\t<meta property=\"og:image:height\" content=\"175\" \/>\n\t<meta property=\"og:image:type\" content=\"image\/png\" \/>\n<meta name=\"twitter:card\" content=\"summary_large_image\" \/>\n<meta name=\"twitter:label1\" content=\"Szacowany czas czytania\" \/>\n\t<meta name=\"twitter:data1\" content=\"3 minuty\" \/>\n<script type=\"application\/ld+json\" class=\"yoast-schema-graph\">{\"@context\":\"https:\/\/schema.org\",\"@graph\":[{\"@type\":\"WebPage\",\"@id\":\"https:\/\/iptechinstalacje.pl\/index.php\/polityka-cookies\/\",\"url\":\"https:\/\/iptechinstalacje.pl\/index.php\/polityka-cookies\/\",\"name\":\"Polityka cookies - IPTech\",\"isPartOf\":{\"@id\":\"https:\/\/iptechinstalacje.pl\/#website\"},\"datePublished\":\"2023-02-24T17:48:39+00:00\",\"dateModified\":\"2023-02-24T21:21:14+00:00\",\"breadcrumb\":{\"@id\":\"https:\/\/iptechinstalacje.pl\/index.php\/polityka-cookies\/#breadcrumb\"},\"inLanguage\":\"pl-PL\",\"potentialAction\":[{\"@type\":\"ReadAction\",\"target\":[\"https:\/\/iptechinstalacje.pl\/index.php\/polityka-cookies\/\"]}]},{\"@type\":\"BreadcrumbList\",\"@id\":\"https:\/\/iptechinstalacje.pl\/index.php\/polityka-cookies\/#breadcrumb\",\"itemListElement\":[{\"@type\":\"ListItem\",\"position\":1,\"name\":\"Strona g\u0142\u00f3wna\",\"item\":\"https:\/\/iptechinstalacje.pl\/\"},{\"@type\":\"ListItem\",\"position\":2,\"name\":\"Polityka cookies\"}]},{\"@type\":\"WebSite\",\"@id\":\"https:\/\/iptechinstalacje.pl\/#website\",\"url\":\"https:\/\/iptechinstalacje.pl\/\",\"name\":\"IPTech\",\"description\":\"IPTech Homepage\",\"potentialAction\":[{\"@type\":\"SearchAction\",\"target\":{\"@type\":\"EntryPoint\",\"urlTemplate\":\"https:\/\/iptechinstalacje.pl\/?s={search_term_string}\"},\"query-input\":\"required name=search_term_string\"}],\"inLanguage\":\"pl-PL\"}]}<\/script>\n<!-- \/ Yoast SEO plugin. -->","yoast_head_json":{"title":"Polityka cookies - IPTech","robots":{"index":"index","follow":"follow","max-snippet":"max-snippet:-1","max-image-preview":"max-image-preview:large","max-video-preview":"max-video-preview:-1"},"canonical":"https:\/\/iptechinstalacje.pl\/index.php\/polityka-cookies\/","og_locale":"pl_PL","og_type":"article","og_title":"Polityka cookies - IPTech","og_url":"https:\/\/iptechinstalacje.pl\/index.php\/polityka-cookies\/","og_site_name":"IPTech","article_modified_time":"2023-02-24T21:21:14+00:00","og_image":[{"width":173,"height":175,"url":"https:\/\/iptechinstalacje.pl\/wp-content\/uploads\/2023\/02\/iptech_2.png","type":"image\/png"}],"twitter_card":"summary_large_image","twitter_misc":{"Szacowany czas czytania":"3 minuty"},"schema":{"@context":"https:\/\/schema.org","@graph":[{"@type":"WebPage","@id":"https:\/\/iptechinstalacje.pl\/index.php\/polityka-cookies\/","url":"https:\/\/iptechinstalacje.pl\/index.php\/polityka-cookies\/","name":"Polityka cookies - IPTech","isPartOf":{"@id":"https:\/\/iptechinstalacje.pl\/#website"},"datePublished":"2023-02-24T17:48:39+00:00","dateModified":"2023-02-24T21:21:14+00:00","breadcrumb":{"@id":"https:\/\/iptechinstalacje.pl\/index.php\/polityka-cookies\/#breadcrumb"},"inLanguage":"pl-PL","potentialAction":[{"@type":"ReadAction","target":["https:\/\/iptechinstalacje.pl\/index.php\/polityka-cookies\/"]}]},{"@type":"BreadcrumbList","@id":"https:\/\/iptechinstalacje.pl\/index.php\/polityka-cookies\/#breadcrumb","itemListElement":[{"@type":"ListItem","position":1,"name":"Strona g\u0142\u00f3wna","item":"https:\/\/iptechinstalacje.pl\/"},{"@type":"ListItem","position":2,"name":"Polityka cookies"}]},{"@type":"WebSite","@id":"https:\/\/iptechinstalacje.pl\/#website","url":"https:\/\/iptechinstalacje.pl\/","name":"IPTech","description":"IPTech Homepage","potentialAction":[{"@type":"SearchAction","target":{"@type":"EntryPoint","urlTemplate":"https:\/\/iptechinstalacje.pl\/?s={search_term_string}"},"query-input":"required name=search_term_string"}],"inLanguage":"pl-PL"}]}},"_links":{"self":[{"href":"https:\/\/iptechinstalacje.pl\/index.php\/wp-json\/wp\/v2\/pages\/435","targetHints":{"allow":["GET"]}}],"collection":[{"href":"https:\/\/iptechinstalacje.pl\/index.php\/wp-json\/wp\/v2\/pages"}],"about":[{"href":"https:\/\/iptechinstalacje.pl\/index.php\/wp-json\/wp\/v2\/types\/page"}],"author":[{"embeddable":true,"href":"https:\/\/iptechinstalacje.pl\/index.php\/wp-json\/wp\/v2\/users\/2"}],"replies":[{"embeddable":true,"href":"https:\/\/iptechinstalacje.pl\/index.php\/wp-json\/wp\/v2\/comments?post=435"}],"version-history":[{"count":2,"href":"https:\/\/iptechinstalacje.pl\/index.php\/wp-json\/wp\/v2\/pages\/435\/revisions"}],"predecessor-version":[{"id":465,"href":"https:\/\/iptechinstalacje.pl\/index.php\/wp-json\/wp\/v2\/pages\/435\/revisions\/465"}],"wp:featuredmedia":[{"embeddable":true,"href":"https:\/\/iptechinstalacje.pl\/index.php\/wp-json\/wp\/v2\/media\/298"}],"wp:attachment":[{"href":"https:\/\/iptechinstalacje.pl\/index.php\/wp-json\/wp\/v2\/media?parent=435"}],"curies":[{"name":"wp","href":"https:\/\/api.w.org\/{rel}","templated":true}]}}