{"id":354,"date":"2023-02-24T15:23:45","date_gmt":"2023-02-24T14:23:45","guid":{"rendered":"http:\/\/csdssic.cluster029.hosting.ovh.net\/?page_id=354"},"modified":"2023-03-19T15:16:08","modified_gmt":"2023-03-19T14:16:08","slug":"fotowoltaika-i-magazyny-energii","status":"publish","type":"page","link":"https:\/\/iptechinstalacje.pl\/index.php\/uslugi\/fotowoltaika-i-magazyny-energii\/","title":{"rendered":"Fotowoltaika i magazyny energii"},"content":{"rendered":"<div  class='avia-slideshow av-41da8h-3c52dfe366d0117bba0237e014516050 avia-slideshow-featured_large av_slideshow avia-fade-slider  avia-builder-el-0  el_before_av_one_full  avia-builder-el-first  av-slideshow-ui av-control-hidden av-no-slider-navigation av-hide-nav-arrows av-slideshow-autoplay av-loop-endless av-loop-manual-endless av-default-height-applied avia-slideshow-1' data-slideshow-options=\"{&quot;animation&quot;:&quot;fade&quot;,&quot;autoplay&quot;:true,&quot;loop_autoplay&quot;:&quot;endless&quot;,&quot;interval&quot;:5,&quot;loop_manual&quot;:&quot;manual-endless&quot;,&quot;autoplay_stopper&quot;:false,&quot;noNavigation&quot;:true,&quot;bg_slider&quot;:false,&quot;keep_padding&quot;:false,&quot;hoverpause&quot;:false,&quot;show_slide_delay&quot;:0}\"  itemprop=\"image\" itemscope=\"itemscope\" itemtype=\"https:\/\/schema.org\/ImageObject\" ><ul class='avia-slideshow-inner ' style='padding-bottom: 42%;'><li  class='avia-slideshow-slide av-41da8h-3c52dfe366d0117bba0237e014516050__0  av-single-slide slide-1 slide-odd'><div data-rel='slideshow-1' class='avia-slide-wrap '   ><img decoding=\"async\" class=\"wp-image-512 avia-img-lazy-loading-not-512\"  src=\"https:\/\/iptechinstalacje.pl\/wp-content\/uploads\/2023\/03\/fotowGlowne-1500x630.jpg\" width=\"1500\" height=\"630\" title='Young family getting to know alternative energy' alt=''  itemprop=\"thumbnailUrl\"   \/><\/div><\/li><\/ul><\/div>\n\n<style type=\"text\/css\" data-created_by=\"avia_inline_auto\" id=\"style-css-av-3dyhyh-818ddc62303967d74c168b91a730c637\">\n#top .flex_column.av-3dyhyh-818ddc62303967d74c168b91a730c637{\nmargin-top:0px;\nmargin-bottom:0px;\n}\n.flex_column.av-3dyhyh-818ddc62303967d74c168b91a730c637{\n-webkit-border-radius:0px 0px 0px 0px;\n-moz-border-radius:0px 0px 0px 0px;\nborder-radius:0px 0px 0px 0px;\npadding:0px 0px 0px 0px;\n}\n.responsive #top #wrap_all .flex_column.av-3dyhyh-818ddc62303967d74c168b91a730c637{\nmargin-top:0px;\nmargin-bottom:0px;\n}\n<\/style>\n<div class='flex_column av-3dyhyh-818ddc62303967d74c168b91a730c637 av_one_full  avia-builder-el-1  el_after_av_slideshow  el_before_av_one_half  first flex_column_div av-animated-generic bottom-to-top av-zero-column-padding '     ><p>\n<style type=\"text\/css\" data-created_by=\"avia_inline_auto\" id=\"style-css-av-37htex-5765ea1a5d0fd25638709fb4d91093e7\">\n#top .av-special-heading.av-37htex-5765ea1a5d0fd25638709fb4d91093e7{\npadding-bottom:0;\n}\nbody .av-special-heading.av-37htex-5765ea1a5d0fd25638709fb4d91093e7 .av-special-heading-tag .heading-char{\nfont-size:25px;\n}\n.av-special-heading.av-37htex-5765ea1a5d0fd25638709fb4d91093e7 .av-subheading{\nfont-size:15px;\n}\n<\/style>\n<div  class='av-special-heading av-37htex-5765ea1a5d0fd25638709fb4d91093e7 av-special-heading-h2 blockquote modern-quote  avia-builder-el-2  el_before_av_hr  avia-builder-el-first '><h2 class='av-special-heading-tag'  itemprop=\"headline\"  >Fotowoltaika i magazyny energii<\/h2><div class=\"special-heading-border\"><div class=\"special-heading-inner-border\"><\/div><\/div><\/div><br \/>\n\n<style type=\"text\/css\" data-created_by=\"avia_inline_auto\" id=\"style-css-av-30lm89-818b2001ef77d9f385fc031731e23204\">\n#top .hr.av-30lm89-818b2001ef77d9f385fc031731e23204{\nmargin-top:10px;\nmargin-bottom:10px;\n}\n.hr.av-30lm89-818b2001ef77d9f385fc031731e23204 .hr-inner{\nwidth:50px;\nborder-color:#efbb20;\n}\n<\/style>\n<div  class='hr av-30lm89-818b2001ef77d9f385fc031731e23204 hr-custom  avia-builder-el-3  el_after_av_heading  avia-builder-el-last  hr-left hr-icon-no'><span class='hr-inner inner-border-av-border-fat'><span class=\"hr-inner-style\"><\/span><\/span><\/div><\/p><\/div>\n\n<style type=\"text\/css\" data-created_by=\"avia_inline_auto\" id=\"style-css-av-2upd0x-d8cbb1df56417a82e4e9b26f5cdb0c1f\">\n#top .flex_column.av-2upd0x-d8cbb1df56417a82e4e9b26f5cdb0c1f{\nmargin-top:0px;\nmargin-bottom:0px;\n}\n.flex_column.av-2upd0x-d8cbb1df56417a82e4e9b26f5cdb0c1f{\n-webkit-border-radius:0px 0px 0px 0px;\n-moz-border-radius:0px 0px 0px 0px;\nborder-radius:0px 0px 0px 0px;\npadding:0px 0px 0px 0px;\n}\n.responsive #top #wrap_all .flex_column.av-2upd0x-d8cbb1df56417a82e4e9b26f5cdb0c1f{\nmargin-top:0px;\nmargin-bottom:0px;\n}\n<\/style>\n<div class='flex_column av-2upd0x-d8cbb1df56417a82e4e9b26f5cdb0c1f av_one_half  avia-builder-el-4  el_after_av_one_full  el_before_av_one_half  first flex_column_div av-animated-generic bottom-to-top av-zero-column-padding column-top-margin'     ><section  class='av_textblock_section av-2sf2u1-3ed8fa319d16823a7085ce8166ba16a1'  itemscope=\"itemscope\" itemtype=\"https:\/\/schema.org\/CreativeWork\" ><div class='avia_textblock'  itemprop=\"text\" ><p>Fotowoltaika to dziedzina, kt\u00f3ra zajmuje si\u0119 pozyskiwaniem energii elektrycznej ze \u015bwiat\u0142a s\u0142onecznego. Dzi\u0119ki wykorzystaniu paneli fotowoltaicznych, mo\u017cliwe jest przekszta\u0142cenie energii s\u0142onecznej na energi\u0119 elektryczn\u0105, kt\u00f3ra mo\u017ce by\u0107 wykorzystywana do zasilania urz\u0105dze\u0144 domowych oraz przemys\u0142owych.<\/p>\n<\/div><\/section><\/div>\n\n<style type=\"text\/css\" data-created_by=\"avia_inline_auto\" id=\"style-css-av-2l1h3t-6bd660433f5ffca7d8468fbe7e38e859\">\n#top .flex_column.av-2l1h3t-6bd660433f5ffca7d8468fbe7e38e859{\nmargin-top:0px;\nmargin-bottom:0px;\n}\n.flex_column.av-2l1h3t-6bd660433f5ffca7d8468fbe7e38e859{\n-webkit-border-radius:0px 0px 0px 0px;\n-moz-border-radius:0px 0px 0px 0px;\nborder-radius:0px 0px 0px 0px;\npadding:0px 0px 0px 0px;\n}\n.responsive #top #wrap_all .flex_column.av-2l1h3t-6bd660433f5ffca7d8468fbe7e38e859{\nmargin-top:0px;\nmargin-bottom:0px;\n}\n<\/style>\n<div class='flex_column av-2l1h3t-6bd660433f5ffca7d8468fbe7e38e859 av_one_half  avia-builder-el-6  el_after_av_one_half  el_before_av_one_full  flex_column_div av-animated-generic bottom-to-top av-zero-column-padding column-top-margin'     ><section  class='av_textblock_section av-2cgfc1-452c509a90343a5387bcdc3b380030fa'  itemscope=\"itemscope\" itemtype=\"https:\/\/schema.org\/CreativeWork\" ><div class='avia_textblock'  itemprop=\"text\" ><p>Wykorzystanie fotowoltaiki ma wiele zalet. Przede wszystkim, jest to ekologiczne i bezemisyjne \u017ar\u00f3d\u0142o energii, kt\u00f3re nie wytwarza szkodliwych dla \u015brodowiska substancji. Ponadto, inwestycja w fotowoltaik\u0119 pozwala na znaczne obni\u017cenie rachunk\u00f3w za pr\u0105d oraz niezale\u017cno\u015b\u0107 energetyczn\u0105, co jest szczeg\u00f3lnie istotne w przypadku rejon\u00f3w o s\u0142abej infrastrukturze energetycznej.<\/p>\n<\/div><\/section><\/div>\n\n<style type=\"text\/css\" data-created_by=\"avia_inline_auto\" id=\"style-css-av-26z0up-16bb18930fdcf091804709950fac702f\">\n.flex_column.av-26z0up-16bb18930fdcf091804709950fac702f{\n-webkit-border-radius:0px 0px 0px 0px;\n-moz-border-radius:0px 0px 0px 0px;\nborder-radius:0px 0px 0px 0px;\npadding:0px 0px 0px 0px;\n}\n<\/style>\n<div class='flex_column av-26z0up-16bb18930fdcf091804709950fac702f av_one_full  avia-builder-el-8  el_after_av_one_half  el_before_av_one_half  first flex_column_div av-animated-generic bottom-to-top av-zero-column-padding column-top-margin'     ><div  class='togglecontainer av-25aos9-70a5c5ec3bfddbffc3e4d111b7fb083e  avia-builder-el-9  avia-builder-el-no-sibling  toggle_close_all' >\n<section class='av_toggle_section av-6qo75-fbc1369b0d50baa099bf62cc9e697cb3'  itemscope=\"itemscope\" itemtype=\"https:\/\/schema.org\/CreativeWork\" ><div role=\"tablist\" class=\"single_toggle\" data-tags=\"{Wszystko} \"  ><p data-fake-id='#toggle-id-1' class='toggler  activeTitle '  itemprop=\"headline\"  role='tab' tabindex='0' aria-controls='toggle-id-1'>Co to jest fotowoltaika?<span class=\"toggle_icon\"><span class=\"vert_icon\"><\/span><span class=\"hor_icon\"><\/span><\/span><\/p><div id='toggle-id-1' class='toggle_wrap  active_tc' style='display:block;' ><div class='toggle_content invers-color '  itemprop=\"text\" ><p>Fotowoltaika to dziedzina technologii zajmuj\u0105ca si\u0119 przetwarzaniem energii s\u0142onecznej na energi\u0119 elektryczn\u0105 za pomoc\u0105 materia\u0142\u00f3w p\u00f3\u0142przewodnikowych. Proces ten polega na wykorzystaniu efektu fotoelektrycznego, kt\u00f3ry polega na wybijaniu elektron\u00f3w z atom\u00f3w materia\u0142u p\u00f3\u0142przewodnikowego pod wp\u0142ywem promieniowania s\u0142onecznego. Elektrony te mog\u0105 by\u0107 nast\u0119pnie wykorzystane do wytworzenia pr\u0105du elektrycznego. Panele fotowoltaiczne, sk\u0142adaj\u0105ce si\u0119 z wielu takich materia\u0142\u00f3w p\u00f3\u0142przewodnikowych, s\u0105 stosowane do wytwarzania energii elektrycznej w instalacjach fotowoltaicznych.<\/p>\n<\/div><\/div><\/div><\/section>\n<\/div><\/div>\n<style type=\"text\/css\" data-created_by=\"avia_inline_auto\" id=\"style-css-av-1duryx-c9cae71935d80549c8506f46f5c2b9de\">\n.flex_column.av-1duryx-c9cae71935d80549c8506f46f5c2b9de{\n-webkit-border-radius:0px 0px 0px 0px;\n-moz-border-radius:0px 0px 0px 0px;\nborder-radius:0px 0px 0px 0px;\npadding:0px 0px 0px 0px;\n}\n<\/style>\n<div class='flex_column av-1duryx-c9cae71935d80549c8506f46f5c2b9de av_one_half  avia-builder-el-10  el_after_av_one_full  el_before_av_one_half  first flex_column_div av-animated-generic bottom-to-top av-zero-column-padding column-top-margin'     ><p>\n<style type=\"text\/css\" data-created_by=\"avia_inline_auto\" id=\"style-css-av-1blsuh-c207abbc34aac95fd2bec7b1d7f72daa\">\n#top .av-special-heading.av-1blsuh-c207abbc34aac95fd2bec7b1d7f72daa{\npadding-bottom:0;\n}\nbody .av-special-heading.av-1blsuh-c207abbc34aac95fd2bec7b1d7f72daa .av-special-heading-tag .heading-char{\nfont-size:25px;\n}\n.av-special-heading.av-1blsuh-c207abbc34aac95fd2bec7b1d7f72daa .av-subheading{\nfont-size:15px;\n}\n<\/style>\n<div  class='av-special-heading av-1blsuh-c207abbc34aac95fd2bec7b1d7f72daa av-special-heading-h2 blockquote modern-quote  avia-builder-el-11  el_before_av_hr  avia-builder-el-first '><h2 class='av-special-heading-tag'  itemprop=\"headline\"  >Co powiniene\u015b wiedzie\u0107?<\/h2><div class=\"special-heading-border\"><div class=\"special-heading-inner-border\"><\/div><\/div><\/div><br \/>\n\n<style type=\"text\/css\" data-created_by=\"avia_inline_auto\" id=\"style-css-av-122wpl-f68414f12b5281ea11a93ae09a20558d\">\n#top .hr.av-122wpl-f68414f12b5281ea11a93ae09a20558d{\nmargin-top:10px;\nmargin-bottom:10px;\n}\n.hr.av-122wpl-f68414f12b5281ea11a93ae09a20558d .hr-inner{\nwidth:50px;\nborder-color:#efbb20;\n}\n<\/style>\n<div  class='hr av-122wpl-f68414f12b5281ea11a93ae09a20558d hr-custom  avia-builder-el-12  el_after_av_heading  el_before_av_textblock  hr-left hr-icon-no'><span class='hr-inner inner-border-av-border-fat'><span class=\"hr-inner-style\"><\/span><\/span><\/div><br \/>\n<section  class='av_textblock_section av-wvy01-31c11f91961aa8484d931d10cc8be782'  itemscope=\"itemscope\" itemtype=\"https:\/\/schema.org\/CreativeWork\" ><div class='avia_textblock'  itemprop=\"text\" ><p>Projektowanie i monta\u017c instalacji fotowoltaicznych wymaga specjalistycznej wiedzy i do\u015bwiadczenia. Dlatego warto skorzysta\u0107 z us\u0142ug profesjonalnych firm, kt\u00f3re zajmuj\u0105 si\u0119 projektowaniem, monta\u017cem oraz serwisem system\u00f3w fotowoltaicznych. Przy wyborze instalacji fotowoltaicznej warto zwr\u00f3ci\u0107 uwag\u0119 na jej parametry, takie jak moc, sprawno\u015b\u0107 oraz wytrzyma\u0142o\u015b\u0107, a tak\u017ce na jako\u015b\u0107 paneli i innych komponent\u00f3w.<br \/>\nWarto r\u00f3wnie\u017c pami\u0119ta\u0107, \u017ce w Polsce obowi\u0105zuj\u0105 rz\u0105dowe programy wsparcia inwestycji w fotowoltaik\u0119, kt\u00f3re umo\u017cliwiaj\u0105 uzyskanie dotacji lub preferencyjnych kredyt\u00f3w. Dzi\u0119ki temu, inwestycja w fotowoltaik\u0119 mo\u017ce by\u0107 bardziej op\u0142acalna i dost\u0119pna dla wi\u0119kszej liczby os\u00f3b.<\/p>\n<\/div><\/section><\/p><\/div><\/p>\n\n<style type=\"text\/css\" data-created_by=\"avia_inline_auto\" id=\"style-css-av-sb3l5-ff2c8f57d10d9b311845198e8ea77073\">\n.flex_column.av-sb3l5-ff2c8f57d10d9b311845198e8ea77073{\n-webkit-border-radius:0px 0px 0px 0px;\n-moz-border-radius:0px 0px 0px 0px;\nborder-radius:0px 0px 0px 0px;\npadding:0px 0px 0px 0px;\n}\n<\/style>\n<div class='flex_column av-sb3l5-ff2c8f57d10d9b311845198e8ea77073 av_one_half  avia-builder-el-14  el_after_av_one_half  el_before_av_one_full  flex_column_div av-animated-generic bottom-to-top av-zero-column-padding column-top-margin'     ><style type=\"text\/css\" data-created_by=\"avia_inline_auto\" id=\"style-css-av-1z5td-866a733e5c5b34616891ac03c0bab1c3\">\n.avia-image-container.av-1z5td-866a733e5c5b34616891ac03c0bab1c3 img.avia_image{\nbox-shadow:none;\n}\n.avia-image-container.av-1z5td-866a733e5c5b34616891ac03c0bab1c3 .av-image-caption-overlay-center{\ncolor:#ffffff;\n}\n<\/style>\n<div  class='avia-image-container av-1z5td-866a733e5c5b34616891ac03c0bab1c3 av-styling-no-styling avia-align-center  avia-builder-el-15  avia-builder-el-no-sibling '   itemprop=\"image\" itemscope=\"itemscope\" itemtype=\"https:\/\/schema.org\/ImageObject\" ><div class=\"avia-image-container-inner\"><div class=\"avia-image-overlay-wrap\"><img decoding=\"async\" class='wp-image-412 avia-img-lazy-loading-not-412 avia_image ' src=\"https:\/\/iptechinstalacje.pl\/wp-content\/uploads\/2023\/02\/Fotow1-300x150.jpg\" alt='' title='Concept of a home battery energy storage located in a garage with a sunny background with lawn car, family house and big city. 3d rendering.'  height=\"150\" width=\"300\"  itemprop=\"thumbnailUrl\" srcset=\"https:\/\/iptechinstalacje.pl\/wp-content\/uploads\/2023\/02\/Fotow1-300x150.jpg 300w, https:\/\/iptechinstalacje.pl\/wp-content\/uploads\/2023\/02\/Fotow1-1030x515.jpg 1030w, https:\/\/iptechinstalacje.pl\/wp-content\/uploads\/2023\/02\/Fotow1-768x384.jpg 768w, https:\/\/iptechinstalacje.pl\/wp-content\/uploads\/2023\/02\/Fotow1-1536x768.jpg 1536w, https:\/\/iptechinstalacje.pl\/wp-content\/uploads\/2023\/02\/Fotow1-2048x1024.jpg 2048w, https:\/\/iptechinstalacje.pl\/wp-content\/uploads\/2023\/02\/Fotow1-1500x750.jpg 1500w, https:\/\/iptechinstalacje.pl\/wp-content\/uploads\/2023\/02\/Fotow1-705x353.jpg 705w\" sizes=\"(max-width: 300px) 100vw, 300px\" \/><\/div><\/div><\/div><\/div>\n\n<style type=\"text\/css\" data-created_by=\"avia_inline_auto\" id=\"style-css-av-ecwvt-58c9cbc4659515e95d82edeb4584dec4\">\n.flex_column.av-ecwvt-58c9cbc4659515e95d82edeb4584dec4{\nborder-width:1px;\nborder-color:#e1e1e1;\nborder-style:solid;\n-webkit-border-radius:0px 0px 0px 0px;\n-moz-border-radius:0px 0px 0px 0px;\nborder-radius:0px 0px 0px 0px;\npadding:20px 20px 20px 20px;\nbackground-color:#fcfcfc;\n}\n<\/style>\n<div class='flex_column av-ecwvt-58c9cbc4659515e95d82edeb4584dec4 av_one_full  avia-builder-el-16  el_after_av_one_half  avia-builder-el-last  first flex_column_div av-animated-generic bottom-to-top column-top-margin'     ><section  class='av_textblock_section av-6wsvl-33b0f38b89e9ab678dd0050a987e3f73'  itemscope=\"itemscope\" itemtype=\"https:\/\/schema.org\/CreativeWork\" ><div class='avia_textblock'  itemprop=\"text\" ><p>Korzystanie z energii s\u0142onecznej jest jednym z najbardziej ekologicznych i op\u0142acalnych sposob\u00f3w pozyskiwania energii. Dlatego, je\u015bli zale\u017cy Ci na ochronie \u015brodowiska i oszcz\u0119dno\u015bciach na rachunkach za pr\u0105d, warto rozwa\u017cy\u0107 inwestycj\u0119 w fotowoltaik\u0119.<\/p>\n<\/div><\/section><\/div>\n","protected":false},"excerpt":{"rendered":"","protected":false},"author":2,"featured_media":298,"parent":25,"menu_order":7,"comment_status":"closed","ping_status":"closed","template":"","meta":{"footnotes":""},"class_list":["post-354","page","type-page","status-publish","has-post-thumbnail","hentry"],"yoast_head":"<!-- This site is optimized with the Yoast SEO plugin v20.2.1 - https:\/\/yoast.com\/wordpress\/plugins\/seo\/ -->\n<title>Fotowoltaika i magazyny energii - IPTech<\/title>\n<meta name=\"robots\" content=\"index, follow, max-snippet:-1, max-image-preview:large, max-video-preview:-1\" \/>\n<link rel=\"canonical\" href=\"https:\/\/iptechinstalacje.pl\/index.php\/uslugi\/fotowoltaika-i-magazyny-energii\/\" \/>\n<meta property=\"og:locale\" content=\"pl_PL\" \/>\n<meta property=\"og:type\" content=\"article\" \/>\n<meta property=\"og:title\" content=\"Fotowoltaika i magazyny energii - IPTech\" \/>\n<meta property=\"og:url\" content=\"https:\/\/iptechinstalacje.pl\/index.php\/uslugi\/fotowoltaika-i-magazyny-energii\/\" \/>\n<meta property=\"og:site_name\" content=\"IPTech\" \/>\n<meta property=\"article:modified_time\" content=\"2023-03-19T14:16:08+00:00\" \/>\n<meta property=\"og:image\" content=\"https:\/\/iptechinstalacje.pl\/wp-content\/uploads\/2023\/02\/iptech_2.png\" \/>\n\t<meta property=\"og:image:width\" content=\"173\" \/>\n\t<meta property=\"og:image:height\" content=\"175\" \/>\n\t<meta property=\"og:image:type\" content=\"image\/png\" \/>\n<meta name=\"twitter:card\" content=\"summary_large_image\" \/>\n<meta name=\"twitter:label1\" content=\"Szacowany czas czytania\" \/>\n\t<meta name=\"twitter:data1\" content=\"6 minut\" \/>\n<script type=\"application\/ld+json\" class=\"yoast-schema-graph\">{\"@context\":\"https:\/\/schema.org\",\"@graph\":[{\"@type\":\"WebPage\",\"@id\":\"https:\/\/iptechinstalacje.pl\/index.php\/uslugi\/fotowoltaika-i-magazyny-energii\/\",\"url\":\"https:\/\/iptechinstalacje.pl\/index.php\/uslugi\/fotowoltaika-i-magazyny-energii\/\",\"name\":\"Fotowoltaika i magazyny energii - IPTech\",\"isPartOf\":{\"@id\":\"https:\/\/iptechinstalacje.pl\/#website\"},\"datePublished\":\"2023-02-24T14:23:45+00:00\",\"dateModified\":\"2023-03-19T14:16:08+00:00\",\"breadcrumb\":{\"@id\":\"https:\/\/iptechinstalacje.pl\/index.php\/uslugi\/fotowoltaika-i-magazyny-energii\/#breadcrumb\"},\"inLanguage\":\"pl-PL\",\"potentialAction\":[{\"@type\":\"ReadAction\",\"target\":[\"https:\/\/iptechinstalacje.pl\/index.php\/uslugi\/fotowoltaika-i-magazyny-energii\/\"]}]},{\"@type\":\"BreadcrumbList\",\"@id\":\"https:\/\/iptechinstalacje.pl\/index.php\/uslugi\/fotowoltaika-i-magazyny-energii\/#breadcrumb\",\"itemListElement\":[{\"@type\":\"ListItem\",\"position\":1,\"name\":\"Strona g\u0142\u00f3wna\",\"item\":\"https:\/\/iptechinstalacje.pl\/\"},{\"@type\":\"ListItem\",\"position\":2,\"name\":\"Us\u0142ugi\",\"item\":\"https:\/\/iptechinstalacje.pl\/index.php\/uslugi\/\"},{\"@type\":\"ListItem\",\"position\":3,\"name\":\"Fotowoltaika i magazyny energii\"}]},{\"@type\":\"WebSite\",\"@id\":\"https:\/\/iptechinstalacje.pl\/#website\",\"url\":\"https:\/\/iptechinstalacje.pl\/\",\"name\":\"IPTech\",\"description\":\"IPTech Homepage\",\"potentialAction\":[{\"@type\":\"SearchAction\",\"target\":{\"@type\":\"EntryPoint\",\"urlTemplate\":\"https:\/\/iptechinstalacje.pl\/?s={search_term_string}\"},\"query-input\":\"required name=search_term_string\"}],\"inLanguage\":\"pl-PL\"}]}<\/script>\n<!-- \/ Yoast SEO plugin. -->","yoast_head_json":{"title":"Fotowoltaika i magazyny energii - IPTech","robots":{"index":"index","follow":"follow","max-snippet":"max-snippet:-1","max-image-preview":"max-image-preview:large","max-video-preview":"max-video-preview:-1"},"canonical":"https:\/\/iptechinstalacje.pl\/index.php\/uslugi\/fotowoltaika-i-magazyny-energii\/","og_locale":"pl_PL","og_type":"article","og_title":"Fotowoltaika i magazyny energii - IPTech","og_url":"https:\/\/iptechinstalacje.pl\/index.php\/uslugi\/fotowoltaika-i-magazyny-energii\/","og_site_name":"IPTech","article_modified_time":"2023-03-19T14:16:08+00:00","og_image":[{"width":173,"height":175,"url":"https:\/\/iptechinstalacje.pl\/wp-content\/uploads\/2023\/02\/iptech_2.png","type":"image\/png"}],"twitter_card":"summary_large_image","twitter_misc":{"Szacowany czas czytania":"6 minut"},"schema":{"@context":"https:\/\/schema.org","@graph":[{"@type":"WebPage","@id":"https:\/\/iptechinstalacje.pl\/index.php\/uslugi\/fotowoltaika-i-magazyny-energii\/","url":"https:\/\/iptechinstalacje.pl\/index.php\/uslugi\/fotowoltaika-i-magazyny-energii\/","name":"Fotowoltaika i magazyny energii - IPTech","isPartOf":{"@id":"https:\/\/iptechinstalacje.pl\/#website"},"datePublished":"2023-02-24T14:23:45+00:00","dateModified":"2023-03-19T14:16:08+00:00","breadcrumb":{"@id":"https:\/\/iptechinstalacje.pl\/index.php\/uslugi\/fotowoltaika-i-magazyny-energii\/#breadcrumb"},"inLanguage":"pl-PL","potentialAction":[{"@type":"ReadAction","target":["https:\/\/iptechinstalacje.pl\/index.php\/uslugi\/fotowoltaika-i-magazyny-energii\/"]}]},{"@type":"BreadcrumbList","@id":"https:\/\/iptechinstalacje.pl\/index.php\/uslugi\/fotowoltaika-i-magazyny-energii\/#breadcrumb","itemListElement":[{"@type":"ListItem","position":1,"name":"Strona g\u0142\u00f3wna","item":"https:\/\/iptechinstalacje.pl\/"},{"@type":"ListItem","position":2,"name":"Us\u0142ugi","item":"https:\/\/iptechinstalacje.pl\/index.php\/uslugi\/"},{"@type":"ListItem","position":3,"name":"Fotowoltaika i magazyny energii"}]},{"@type":"WebSite","@id":"https:\/\/iptechinstalacje.pl\/#website","url":"https:\/\/iptechinstalacje.pl\/","name":"IPTech","description":"IPTech Homepage","potentialAction":[{"@type":"SearchAction","target":{"@type":"EntryPoint","urlTemplate":"https:\/\/iptechinstalacje.pl\/?s={search_term_string}"},"query-input":"required name=search_term_string"}],"inLanguage":"pl-PL"}]}},"_links":{"self":[{"href":"https:\/\/iptechinstalacje.pl\/index.php\/wp-json\/wp\/v2\/pages\/354","targetHints":{"allow":["GET"]}}],"collection":[{"href":"https:\/\/iptechinstalacje.pl\/index.php\/wp-json\/wp\/v2\/pages"}],"about":[{"href":"https:\/\/iptechinstalacje.pl\/index.php\/wp-json\/wp\/v2\/types\/page"}],"author":[{"embeddable":true,"href":"https:\/\/iptechinstalacje.pl\/index.php\/wp-json\/wp\/v2\/users\/2"}],"replies":[{"embeddable":true,"href":"https:\/\/iptechinstalacje.pl\/index.php\/wp-json\/wp\/v2\/comments?post=354"}],"version-history":[{"count":6,"href":"https:\/\/iptechinstalacje.pl\/index.php\/wp-json\/wp\/v2\/pages\/354\/revisions"}],"predecessor-version":[{"id":675,"href":"https:\/\/iptechinstalacje.pl\/index.php\/wp-json\/wp\/v2\/pages\/354\/revisions\/675"}],"up":[{"embeddable":true,"href":"https:\/\/iptechinstalacje.pl\/index.php\/wp-json\/wp\/v2\/pages\/25"}],"wp:featuredmedia":[{"embeddable":true,"href":"https:\/\/iptechinstalacje.pl\/index.php\/wp-json\/wp\/v2\/media\/298"}],"wp:attachment":[{"href":"https:\/\/iptechinstalacje.pl\/index.php\/wp-json\/wp\/v2\/media?parent=354"}],"curies":[{"name":"wp","href":"https:\/\/api.w.org\/{rel}","templated":true}]}}