{"id":352,"date":"2023-02-24T15:21:59","date_gmt":"2023-02-24T14:21:59","guid":{"rendered":"http:\/\/csdssic.cluster029.hosting.ovh.net\/?page_id=352"},"modified":"2023-03-04T20:53:46","modified_gmt":"2023-03-04T19:53:46","slug":"wideodomofony","status":"publish","type":"page","link":"https:\/\/iptechinstalacje.pl\/index.php\/uslugi\/wideodomofony\/","title":{"rendered":"Domofony i wideodomofony"},"content":{"rendered":"<div  class='avia-slideshow av-41da8h-3c52dfe366d0117bba0237e014516050 avia-slideshow-featured_large av_slideshow avia-fade-slider  avia-builder-el-0  el_before_av_one_full  avia-builder-el-first  av-slideshow-ui av-control-hidden av-no-slider-navigation av-hide-nav-arrows av-slideshow-autoplay av-loop-endless av-loop-manual-endless av-default-height-applied avia-slideshow-1' data-slideshow-options=\"{&quot;animation&quot;:&quot;fade&quot;,&quot;autoplay&quot;:true,&quot;loop_autoplay&quot;:&quot;endless&quot;,&quot;interval&quot;:5,&quot;loop_manual&quot;:&quot;manual-endless&quot;,&quot;autoplay_stopper&quot;:false,&quot;noNavigation&quot;:true,&quot;bg_slider&quot;:false,&quot;keep_padding&quot;:false,&quot;hoverpause&quot;:false,&quot;show_slide_delay&quot;:0}\"  itemprop=\"image\" itemscope=\"itemscope\" itemtype=\"https:\/\/schema.org\/ImageObject\" ><ul class='avia-slideshow-inner ' style='padding-bottom: 42%;'><li  class='avia-slideshow-slide av-41da8h-3c52dfe366d0117bba0237e014516050__0  av-single-slide slide-1 slide-odd'><div data-rel='slideshow-1' class='avia-slide-wrap '   ><img decoding=\"async\" class=\"wp-image-408 avia-img-lazy-loading-not-408\"  src=\"https:\/\/iptechinstalacje.pl\/wp-content\/uploads\/2023\/02\/domofonglowne1-1500x630.jpg\" width=\"1500\" height=\"630\" title='Close up wall with security alarm and video intercom' alt=''  itemprop=\"thumbnailUrl\"   \/><\/div><\/li><\/ul><\/div>\n\n<style type=\"text\/css\" data-created_by=\"avia_inline_auto\" id=\"style-css-av-3dyhyh-818ddc62303967d74c168b91a730c637\">\n#top .flex_column.av-3dyhyh-818ddc62303967d74c168b91a730c637{\nmargin-top:0px;\nmargin-bottom:0px;\n}\n.flex_column.av-3dyhyh-818ddc62303967d74c168b91a730c637{\n-webkit-border-radius:0px 0px 0px 0px;\n-moz-border-radius:0px 0px 0px 0px;\nborder-radius:0px 0px 0px 0px;\npadding:0px 0px 0px 0px;\n}\n.responsive #top #wrap_all .flex_column.av-3dyhyh-818ddc62303967d74c168b91a730c637{\nmargin-top:0px;\nmargin-bottom:0px;\n}\n<\/style>\n<div class='flex_column av-3dyhyh-818ddc62303967d74c168b91a730c637 av_one_full  avia-builder-el-1  el_after_av_slideshow  el_before_av_one_half  first flex_column_div av-animated-generic bottom-to-top av-zero-column-padding '     ><p>\n<style type=\"text\/css\" data-created_by=\"avia_inline_auto\" id=\"style-css-av-37htex-dc8d15edb7a6a294d195523c9b868977\">\n#top .av-special-heading.av-37htex-dc8d15edb7a6a294d195523c9b868977{\npadding-bottom:0;\n}\nbody .av-special-heading.av-37htex-dc8d15edb7a6a294d195523c9b868977 .av-special-heading-tag .heading-char{\nfont-size:25px;\n}\n.av-special-heading.av-37htex-dc8d15edb7a6a294d195523c9b868977 .av-subheading{\nfont-size:15px;\n}\n<\/style>\n<div  class='av-special-heading av-37htex-dc8d15edb7a6a294d195523c9b868977 av-special-heading-h2 blockquote modern-quote  avia-builder-el-2  el_before_av_hr  avia-builder-el-first '><h2 class='av-special-heading-tag'  itemprop=\"headline\"  >Domofony i wideodomofony<\/h2><div class=\"special-heading-border\"><div class=\"special-heading-inner-border\"><\/div><\/div><\/div><br \/>\n\n<style type=\"text\/css\" data-created_by=\"avia_inline_auto\" id=\"style-css-av-30lm89-818b2001ef77d9f385fc031731e23204\">\n#top .hr.av-30lm89-818b2001ef77d9f385fc031731e23204{\nmargin-top:10px;\nmargin-bottom:10px;\n}\n.hr.av-30lm89-818b2001ef77d9f385fc031731e23204 .hr-inner{\nwidth:50px;\nborder-color:#efbb20;\n}\n<\/style>\n<div  class='hr av-30lm89-818b2001ef77d9f385fc031731e23204 hr-custom  avia-builder-el-3  el_after_av_heading  avia-builder-el-last  hr-left hr-icon-no'><span class='hr-inner inner-border-av-border-fat'><span class=\"hr-inner-style\"><\/span><\/span><\/div><\/p><\/div>\n\n<style type=\"text\/css\" data-created_by=\"avia_inline_auto\" id=\"style-css-av-2upd0x-d8cbb1df56417a82e4e9b26f5cdb0c1f\">\n#top .flex_column.av-2upd0x-d8cbb1df56417a82e4e9b26f5cdb0c1f{\nmargin-top:0px;\nmargin-bottom:0px;\n}\n.flex_column.av-2upd0x-d8cbb1df56417a82e4e9b26f5cdb0c1f{\n-webkit-border-radius:0px 0px 0px 0px;\n-moz-border-radius:0px 0px 0px 0px;\nborder-radius:0px 0px 0px 0px;\npadding:0px 0px 0px 0px;\n}\n.responsive #top #wrap_all .flex_column.av-2upd0x-d8cbb1df56417a82e4e9b26f5cdb0c1f{\nmargin-top:0px;\nmargin-bottom:0px;\n}\n<\/style>\n<div class='flex_column av-2upd0x-d8cbb1df56417a82e4e9b26f5cdb0c1f av_one_half  avia-builder-el-4  el_after_av_one_full  el_before_av_one_half  first flex_column_div av-animated-generic bottom-to-top av-zero-column-padding column-top-margin'     ><section  class='av_textblock_section av-2sf2u1-3ed8fa319d16823a7085ce8166ba16a1'  itemscope=\"itemscope\" itemtype=\"https:\/\/schema.org\/CreativeWork\" ><div class='avia_textblock'  itemprop=\"text\" ><p>Domofony i wideodomofony to urz\u0105dzenia, kt\u00f3re pozwalaj\u0105 na bezpieczne kontrolowanie dost\u0119pu do domu, mieszkania czy biura. Dzi\u0119ki nim mo\u017cemy zobaczy\u0107 i us\u0142ysze\u0107, kto przyszed\u0142 do naszych drzwi i zadecydowa\u0107, czy chcemy otworzy\u0107 im lub nie.<\/p>\n<\/div><\/section><\/div>\n<style type=\"text\/css\" data-created_by=\"avia_inline_auto\" id=\"style-css-av-2l1h3t-6bd660433f5ffca7d8468fbe7e38e859\">\n#top .flex_column.av-2l1h3t-6bd660433f5ffca7d8468fbe7e38e859{\nmargin-top:0px;\nmargin-bottom:0px;\n}\n.flex_column.av-2l1h3t-6bd660433f5ffca7d8468fbe7e38e859{\n-webkit-border-radius:0px 0px 0px 0px;\n-moz-border-radius:0px 0px 0px 0px;\nborder-radius:0px 0px 0px 0px;\npadding:0px 0px 0px 0px;\n}\n.responsive #top #wrap_all .flex_column.av-2l1h3t-6bd660433f5ffca7d8468fbe7e38e859{\nmargin-top:0px;\nmargin-bottom:0px;\n}\n<\/style>\n<div class='flex_column av-2l1h3t-6bd660433f5ffca7d8468fbe7e38e859 av_one_half  avia-builder-el-6  el_after_av_one_half  el_before_av_one_half  flex_column_div av-animated-generic bottom-to-top av-zero-column-padding column-top-margin'     ><section  class='av_textblock_section av-2cgfc1-452c509a90343a5387bcdc3b380030fa'  itemscope=\"itemscope\" itemtype=\"https:\/\/schema.org\/CreativeWork\" ><div class='avia_textblock'  itemprop=\"text\" ><p>W dzisiejszych czasach, gdy bezpiecze\u0144stwo jest jednym z najwa\u017cniejszych czynnik\u00f3w w \u017cyciu codziennym, domofony i wideodomofony s\u0105 niezwykle przydatne. Pozwalaj\u0105 one na identyfikacj\u0119 os\u00f3b stoj\u0105cych przed drzwiami, a dzi\u0119ki funkcji wideodomofonu, mo\u017cemy tak\u017ce zobaczy\u0107 obraz na ekranie.<\/p>\n<\/div><\/section><\/div>\n<style type=\"text\/css\" data-created_by=\"avia_inline_auto\" id=\"style-css-av-1duryx-c9cae71935d80549c8506f46f5c2b9de\">\n.flex_column.av-1duryx-c9cae71935d80549c8506f46f5c2b9de{\n-webkit-border-radius:0px 0px 0px 0px;\n-moz-border-radius:0px 0px 0px 0px;\nborder-radius:0px 0px 0px 0px;\npadding:0px 0px 0px 0px;\n}\n<\/style>\n<div class='flex_column av-1duryx-c9cae71935d80549c8506f46f5c2b9de av_one_half  avia-builder-el-8  el_after_av_one_half  el_before_av_one_half  first flex_column_div av-animated-generic bottom-to-top av-zero-column-padding column-top-margin'     ><p>\n<style type=\"text\/css\" data-created_by=\"avia_inline_auto\" id=\"style-css-av-122wpl-f68414f12b5281ea11a93ae09a20558d\">\n#top .hr.av-122wpl-f68414f12b5281ea11a93ae09a20558d{\nmargin-top:10px;\nmargin-bottom:10px;\n}\n.hr.av-122wpl-f68414f12b5281ea11a93ae09a20558d .hr-inner{\nwidth:50px;\nborder-color:#efbb20;\n}\n<\/style>\n<div  class='hr av-122wpl-f68414f12b5281ea11a93ae09a20558d hr-custom  avia-builder-el-9  el_before_av_textblock  avia-builder-el-first  hr-left hr-icon-no'><span class='hr-inner inner-border-av-border-fat'><span class=\"hr-inner-style\"><\/span><\/span><\/div><br \/>\n<section  class='av_textblock_section av-wvy01-31c11f91961aa8484d931d10cc8be782'  itemscope=\"itemscope\" itemtype=\"https:\/\/schema.org\/CreativeWork\" ><div class='avia_textblock'  itemprop=\"text\" ><p>W naszej ofercie znajdziesz r\u00f3\u017cnego rodzaju domofony i wideodomofony, dostosowane do potrzeb i wymaga\u0144 klient\u00f3w. Oferujemy urz\u0105dzenia od najprostszych, jednofunkcyjnych modeli, po zaawansowane, wielofunkcyjne systemy, pozwalaj\u0105ce na obs\u0142ug\u0119 z poziomu smartfona lub tabletu.<\/p>\n<p>Nasze domofony i wideodomofony charakteryzuj\u0105 si\u0119 wysok\u0105 jako\u015bci\u0105 wykonania oraz bezpiecze\u0144stwem u\u017cytkowania. S\u0105 one \u0142atwe w obs\u0142udze i oferuj\u0105 wiele funkcji, takich jak nagrywanie obrazu, rozmowa z osob\u0105 przed drzwiami, otwieranie drzwi lub furtki oraz wiele innych.<\/p>\n<p>Zapewniamy r\u00f3wnie\u017c fachowe doradztwo w zakresie wyboru odpowiedniego systemu, dostosowanego do potrzeb i wymaga\u0144 klienta. Dzi\u0119ki naszej pomocy wybierzesz urz\u0105dzenie, kt\u00f3re najlepiej spe\u0142ni Twoje potrzeby.<\/p>\n<\/div><\/section><\/p><\/div>\n<style type=\"text\/css\" data-created_by=\"avia_inline_auto\" id=\"style-css-av-sb3l5-ff2c8f57d10d9b311845198e8ea77073\">\n.flex_column.av-sb3l5-ff2c8f57d10d9b311845198e8ea77073{\n-webkit-border-radius:0px 0px 0px 0px;\n-moz-border-radius:0px 0px 0px 0px;\nborder-radius:0px 0px 0px 0px;\npadding:0px 0px 0px 0px;\n}\n<\/style>\n<div class='flex_column av-sb3l5-ff2c8f57d10d9b311845198e8ea77073 av_one_half  avia-builder-el-11  el_after_av_one_half  el_before_av_one_full  flex_column_div av-animated-generic bottom-to-top av-zero-column-padding column-top-margin'     ><style type=\"text\/css\" data-created_by=\"avia_inline_auto\" id=\"style-css-av-1z5td-2ebb91937bbf91f1f5c6d00c37dff332\">\n.avia-image-container.av-1z5td-2ebb91937bbf91f1f5c6d00c37dff332 img.avia_image{\nbox-shadow:none;\n}\n.avia-image-container.av-1z5td-2ebb91937bbf91f1f5c6d00c37dff332 .av-image-caption-overlay-center{\ncolor:#ffffff;\n}\n<\/style>\n<div  class='avia-image-container av-1z5td-2ebb91937bbf91f1f5c6d00c37dff332 av-styling-no-styling avia-align-center  avia-builder-el-12  avia-builder-el-no-sibling '   itemprop=\"image\" itemscope=\"itemscope\" itemtype=\"https:\/\/schema.org\/ImageObject\" ><div class=\"avia-image-container-inner\"><div class=\"avia-image-overlay-wrap\"><img decoding=\"async\" class='wp-image-409 avia-img-lazy-loading-not-409 avia_image ' src=\"https:\/\/iptechinstalacje.pl\/wp-content\/uploads\/2023\/02\/domofon1-300x200.jpg\" alt='' title='Intercom system devices'  height=\"200\" width=\"300\"  itemprop=\"thumbnailUrl\" srcset=\"https:\/\/iptechinstalacje.pl\/wp-content\/uploads\/2023\/02\/domofon1-300x200.jpg 300w, https:\/\/iptechinstalacje.pl\/wp-content\/uploads\/2023\/02\/domofon1-1030x687.jpg 1030w, https:\/\/iptechinstalacje.pl\/wp-content\/uploads\/2023\/02\/domofon1-768x512.jpg 768w, https:\/\/iptechinstalacje.pl\/wp-content\/uploads\/2023\/02\/domofon1-1536x1024.jpg 1536w, https:\/\/iptechinstalacje.pl\/wp-content\/uploads\/2023\/02\/domofon1-2048x1365.jpg 2048w, https:\/\/iptechinstalacje.pl\/wp-content\/uploads\/2023\/02\/domofon1-1500x1000.jpg 1500w, https:\/\/iptechinstalacje.pl\/wp-content\/uploads\/2023\/02\/domofon1-705x470.jpg 705w\" sizes=\"(max-width: 300px) 100vw, 300px\" \/><\/div><\/div><\/div><\/div><\/p>\n\n<style type=\"text\/css\" data-created_by=\"avia_inline_auto\" id=\"style-css-av-ecwvt-58c9cbc4659515e95d82edeb4584dec4\">\n.flex_column.av-ecwvt-58c9cbc4659515e95d82edeb4584dec4{\nborder-width:1px;\nborder-color:#e1e1e1;\nborder-style:solid;\n-webkit-border-radius:0px 0px 0px 0px;\n-moz-border-radius:0px 0px 0px 0px;\nborder-radius:0px 0px 0px 0px;\npadding:20px 20px 20px 20px;\nbackground-color:#fcfcfc;\n}\n<\/style>\n<div class='flex_column av-ecwvt-58c9cbc4659515e95d82edeb4584dec4 av_one_full  avia-builder-el-13  el_after_av_one_half  avia-builder-el-last  first flex_column_div av-animated-generic bottom-to-top column-top-margin'     ><section  class='av_textblock_section av-6wsvl-33b0f38b89e9ab678dd0050a987e3f73'  itemscope=\"itemscope\" itemtype=\"https:\/\/schema.org\/CreativeWork\" ><div class='avia_textblock'  itemprop=\"text\" ><p>Zapraszamy do zapoznania si\u0119 z nasz\u0105 ofert\u0105 oraz skorzystania z naszych us\u0142ug. Domofony i wideodomofony to urz\u0105dzenia niezb\u0119dne w ka\u017cdym domu, mieszkaniu czy biurze, a nasza firma to gwarancja ich jako\u015bci i bezpiecze\u0144stwa u\u017cytkowania.<\/p>\n<\/div><\/section><\/div>\n","protected":false},"excerpt":{"rendered":"","protected":false},"author":2,"featured_media":298,"parent":25,"menu_order":6,"comment_status":"closed","ping_status":"closed","template":"","meta":{"footnotes":""},"class_list":["post-352","page","type-page","status-publish","has-post-thumbnail","hentry"],"yoast_head":"<!-- This site is optimized with the Yoast SEO plugin v20.2.1 - https:\/\/yoast.com\/wordpress\/plugins\/seo\/ -->\n<title>Domofony i wideodomofony - IPTech<\/title>\n<meta name=\"robots\" content=\"index, follow, max-snippet:-1, max-image-preview:large, max-video-preview:-1\" \/>\n<link rel=\"canonical\" href=\"https:\/\/iptechinstalacje.pl\/index.php\/uslugi\/wideodomofony\/\" \/>\n<meta property=\"og:locale\" content=\"pl_PL\" \/>\n<meta property=\"og:type\" content=\"article\" \/>\n<meta property=\"og:title\" content=\"Domofony i wideodomofony - IPTech\" \/>\n<meta property=\"og:url\" content=\"https:\/\/iptechinstalacje.pl\/index.php\/uslugi\/wideodomofony\/\" \/>\n<meta property=\"og:site_name\" content=\"IPTech\" \/>\n<meta property=\"article:modified_time\" content=\"2023-03-04T19:53:46+00:00\" \/>\n<meta property=\"og:image\" content=\"https:\/\/iptechinstalacje.pl\/wp-content\/uploads\/2023\/02\/iptech_2.png\" \/>\n\t<meta property=\"og:image:width\" content=\"173\" \/>\n\t<meta property=\"og:image:height\" content=\"175\" \/>\n\t<meta property=\"og:image:type\" content=\"image\/png\" \/>\n<meta name=\"twitter:card\" content=\"summary_large_image\" \/>\n<meta name=\"twitter:label1\" content=\"Szacowany czas czytania\" \/>\n\t<meta name=\"twitter:data1\" content=\"9 minut\" \/>\n<script type=\"application\/ld+json\" class=\"yoast-schema-graph\">{\"@context\":\"https:\/\/schema.org\",\"@graph\":[{\"@type\":\"WebPage\",\"@id\":\"https:\/\/iptechinstalacje.pl\/index.php\/uslugi\/wideodomofony\/\",\"url\":\"https:\/\/iptechinstalacje.pl\/index.php\/uslugi\/wideodomofony\/\",\"name\":\"Domofony i wideodomofony - IPTech\",\"isPartOf\":{\"@id\":\"https:\/\/iptechinstalacje.pl\/#website\"},\"datePublished\":\"2023-02-24T14:21:59+00:00\",\"dateModified\":\"2023-03-04T19:53:46+00:00\",\"breadcrumb\":{\"@id\":\"https:\/\/iptechinstalacje.pl\/index.php\/uslugi\/wideodomofony\/#breadcrumb\"},\"inLanguage\":\"pl-PL\",\"potentialAction\":[{\"@type\":\"ReadAction\",\"target\":[\"https:\/\/iptechinstalacje.pl\/index.php\/uslugi\/wideodomofony\/\"]}]},{\"@type\":\"BreadcrumbList\",\"@id\":\"https:\/\/iptechinstalacje.pl\/index.php\/uslugi\/wideodomofony\/#breadcrumb\",\"itemListElement\":[{\"@type\":\"ListItem\",\"position\":1,\"name\":\"Strona g\u0142\u00f3wna\",\"item\":\"https:\/\/iptechinstalacje.pl\/\"},{\"@type\":\"ListItem\",\"position\":2,\"name\":\"Us\u0142ugi\",\"item\":\"https:\/\/iptechinstalacje.pl\/index.php\/uslugi\/\"},{\"@type\":\"ListItem\",\"position\":3,\"name\":\"Domofony i wideodomofony\"}]},{\"@type\":\"WebSite\",\"@id\":\"https:\/\/iptechinstalacje.pl\/#website\",\"url\":\"https:\/\/iptechinstalacje.pl\/\",\"name\":\"IPTech\",\"description\":\"IPTech Homepage\",\"potentialAction\":[{\"@type\":\"SearchAction\",\"target\":{\"@type\":\"EntryPoint\",\"urlTemplate\":\"https:\/\/iptechinstalacje.pl\/?s={search_term_string}\"},\"query-input\":\"required name=search_term_string\"}],\"inLanguage\":\"pl-PL\"}]}<\/script>\n<!-- \/ Yoast SEO plugin. -->","yoast_head_json":{"title":"Domofony i wideodomofony - IPTech","robots":{"index":"index","follow":"follow","max-snippet":"max-snippet:-1","max-image-preview":"max-image-preview:large","max-video-preview":"max-video-preview:-1"},"canonical":"https:\/\/iptechinstalacje.pl\/index.php\/uslugi\/wideodomofony\/","og_locale":"pl_PL","og_type":"article","og_title":"Domofony i wideodomofony - IPTech","og_url":"https:\/\/iptechinstalacje.pl\/index.php\/uslugi\/wideodomofony\/","og_site_name":"IPTech","article_modified_time":"2023-03-04T19:53:46+00:00","og_image":[{"width":173,"height":175,"url":"https:\/\/iptechinstalacje.pl\/wp-content\/uploads\/2023\/02\/iptech_2.png","type":"image\/png"}],"twitter_card":"summary_large_image","twitter_misc":{"Szacowany czas czytania":"9 minut"},"schema":{"@context":"https:\/\/schema.org","@graph":[{"@type":"WebPage","@id":"https:\/\/iptechinstalacje.pl\/index.php\/uslugi\/wideodomofony\/","url":"https:\/\/iptechinstalacje.pl\/index.php\/uslugi\/wideodomofony\/","name":"Domofony i wideodomofony - IPTech","isPartOf":{"@id":"https:\/\/iptechinstalacje.pl\/#website"},"datePublished":"2023-02-24T14:21:59+00:00","dateModified":"2023-03-04T19:53:46+00:00","breadcrumb":{"@id":"https:\/\/iptechinstalacje.pl\/index.php\/uslugi\/wideodomofony\/#breadcrumb"},"inLanguage":"pl-PL","potentialAction":[{"@type":"ReadAction","target":["https:\/\/iptechinstalacje.pl\/index.php\/uslugi\/wideodomofony\/"]}]},{"@type":"BreadcrumbList","@id":"https:\/\/iptechinstalacje.pl\/index.php\/uslugi\/wideodomofony\/#breadcrumb","itemListElement":[{"@type":"ListItem","position":1,"name":"Strona g\u0142\u00f3wna","item":"https:\/\/iptechinstalacje.pl\/"},{"@type":"ListItem","position":2,"name":"Us\u0142ugi","item":"https:\/\/iptechinstalacje.pl\/index.php\/uslugi\/"},{"@type":"ListItem","position":3,"name":"Domofony i wideodomofony"}]},{"@type":"WebSite","@id":"https:\/\/iptechinstalacje.pl\/#website","url":"https:\/\/iptechinstalacje.pl\/","name":"IPTech","description":"IPTech Homepage","potentialAction":[{"@type":"SearchAction","target":{"@type":"EntryPoint","urlTemplate":"https:\/\/iptechinstalacje.pl\/?s={search_term_string}"},"query-input":"required name=search_term_string"}],"inLanguage":"pl-PL"}]}},"_links":{"self":[{"href":"https:\/\/iptechinstalacje.pl\/index.php\/wp-json\/wp\/v2\/pages\/352","targetHints":{"allow":["GET"]}}],"collection":[{"href":"https:\/\/iptechinstalacje.pl\/index.php\/wp-json\/wp\/v2\/pages"}],"about":[{"href":"https:\/\/iptechinstalacje.pl\/index.php\/wp-json\/wp\/v2\/types\/page"}],"author":[{"embeddable":true,"href":"https:\/\/iptechinstalacje.pl\/index.php\/wp-json\/wp\/v2\/users\/2"}],"replies":[{"embeddable":true,"href":"https:\/\/iptechinstalacje.pl\/index.php\/wp-json\/wp\/v2\/comments?post=352"}],"version-history":[{"count":6,"href":"https:\/\/iptechinstalacje.pl\/index.php\/wp-json\/wp\/v2\/pages\/352\/revisions"}],"predecessor-version":[{"id":515,"href":"https:\/\/iptechinstalacje.pl\/index.php\/wp-json\/wp\/v2\/pages\/352\/revisions\/515"}],"up":[{"embeddable":true,"href":"https:\/\/iptechinstalacje.pl\/index.php\/wp-json\/wp\/v2\/pages\/25"}],"wp:featuredmedia":[{"embeddable":true,"href":"https:\/\/iptechinstalacje.pl\/index.php\/wp-json\/wp\/v2\/media\/298"}],"wp:attachment":[{"href":"https:\/\/iptechinstalacje.pl\/index.php\/wp-json\/wp\/v2\/media?parent=352"}],"curies":[{"name":"wp","href":"https:\/\/api.w.org\/{rel}","templated":true}]}}