{"id":144,"date":"2015-10-22T15:32:53","date_gmt":"2015-10-22T13:32:53","guid":{"rendered":"http:\/\/test.kriesi.at\/construction\/?page_id=144"},"modified":"2023-03-04T20:44:44","modified_gmt":"2023-03-04T19:44:44","slug":"kamery-monitoringu","status":"publish","type":"page","link":"https:\/\/iptechinstalacje.pl\/index.php\/uslugi\/kamery-monitoringu\/","title":{"rendered":"Kamery monitoringu"},"content":{"rendered":"<div  class='avia-slideshow av-3b2gm0-78371636a34101e12d7077ed110e09c4 avia-slideshow-featured_large av_slideshow avia-fade-slider  avia-builder-el-0  el_before_av_one_full  avia-builder-el-first  av-slideshow-ui av-control-hidden av-no-slider-navigation av-hide-nav-arrows av-slideshow-autoplay av-loop-endless av-loop-manual-endless av-default-height-applied avia-slideshow-1' data-slideshow-options=\"{&quot;animation&quot;:&quot;fade&quot;,&quot;autoplay&quot;:true,&quot;loop_autoplay&quot;:&quot;endless&quot;,&quot;interval&quot;:5,&quot;loop_manual&quot;:&quot;manual-endless&quot;,&quot;autoplay_stopper&quot;:false,&quot;noNavigation&quot;:true,&quot;bg_slider&quot;:false,&quot;keep_padding&quot;:false,&quot;hoverpause&quot;:false,&quot;show_slide_delay&quot;:0}\"  itemprop=\"image\" itemscope=\"itemscope\" itemtype=\"https:\/\/schema.org\/ImageObject\" ><ul class='avia-slideshow-inner ' style='padding-bottom: 42%;'><li  class='avia-slideshow-slide av-3b2gm0-78371636a34101e12d7077ed110e09c4__0  av-single-slide slide-1 slide-odd'><div data-rel='slideshow-1' class='avia-slide-wrap '   ><img decoding=\"async\" class=\"wp-image-395 avia-img-lazy-loading-not-395\"  src=\"https:\/\/iptechinstalacje.pl\/wp-content\/uploads\/2023\/02\/kamGlowne-1500x630.jpg\" width=\"1500\" height=\"630\" title='Security camera and house' alt=''  itemprop=\"thumbnailUrl\"   \/><\/div><\/li><\/ul><\/div>\n\n<style type=\"text\/css\" data-created_by=\"avia_inline_auto\" id=\"style-css-av-2mxujs-e65b5bcea9f23c4edfcecb719b44ab93\">\n#top .flex_column.av-2mxujs-e65b5bcea9f23c4edfcecb719b44ab93{\nmargin-top:0px;\nmargin-bottom:0px;\n}\n.flex_column.av-2mxujs-e65b5bcea9f23c4edfcecb719b44ab93{\n-webkit-border-radius:0px 0px 0px 0px;\n-moz-border-radius:0px 0px 0px 0px;\nborder-radius:0px 0px 0px 0px;\npadding:0px 0px 0px 0px;\n}\n.responsive #top #wrap_all .flex_column.av-2mxujs-e65b5bcea9f23c4edfcecb719b44ab93{\nmargin-top:0px;\nmargin-bottom:0px;\n}\n<\/style>\n<div class='flex_column av-2mxujs-e65b5bcea9f23c4edfcecb719b44ab93 av_one_full  avia-builder-el-1  el_after_av_slideshow  el_before_av_one_half  first flex_column_div av-animated-generic bottom-to-top av-zero-column-padding '     ><p>\n<style type=\"text\/css\" data-created_by=\"avia_inline_auto\" id=\"style-css-av-2c18ag-9e6e1a7280140d8ad4a0d463c8ca5a1f\">\n#top .av-special-heading.av-2c18ag-9e6e1a7280140d8ad4a0d463c8ca5a1f{\npadding-bottom:0;\n}\nbody .av-special-heading.av-2c18ag-9e6e1a7280140d8ad4a0d463c8ca5a1f .av-special-heading-tag .heading-char{\nfont-size:25px;\n}\n.av-special-heading.av-2c18ag-9e6e1a7280140d8ad4a0d463c8ca5a1f .av-subheading{\nfont-size:15px;\n}\n<\/style>\n<div  class='av-special-heading av-2c18ag-9e6e1a7280140d8ad4a0d463c8ca5a1f av-special-heading-h2 blockquote modern-quote  avia-builder-el-2  el_before_av_hr  avia-builder-el-first '><h2 class='av-special-heading-tag'  itemprop=\"headline\"  >Kamery monitoringu<\/h2><div class=\"special-heading-border\"><div class=\"special-heading-inner-border\"><\/div><\/div><\/div><br \/>\n\n<style type=\"text\/css\" data-created_by=\"avia_inline_auto\" id=\"style-css-av-289tag-15ebb15be0ad5d7cdcc8e4ce0f3f77be\">\n#top .hr.av-289tag-15ebb15be0ad5d7cdcc8e4ce0f3f77be{\nmargin-top:10px;\nmargin-bottom:10px;\n}\n.hr.av-289tag-15ebb15be0ad5d7cdcc8e4ce0f3f77be .hr-inner{\nwidth:50px;\nborder-color:#efbb20;\n}\n<\/style>\n<div  class='hr av-289tag-15ebb15be0ad5d7cdcc8e4ce0f3f77be hr-custom  avia-builder-el-3  el_after_av_heading  avia-builder-el-last  hr-left hr-icon-no'><span class='hr-inner inner-border-av-border-fat'><span class=\"hr-inner-style\"><\/span><\/span><\/div><\/p><\/div>\n\n<style type=\"text\/css\" data-created_by=\"avia_inline_auto\" id=\"style-css-av-21d7g0-eac459916baaa667cb51ca624860bf6c\">\n#top .flex_column.av-21d7g0-eac459916baaa667cb51ca624860bf6c{\nmargin-top:0px;\nmargin-bottom:0px;\n}\n.flex_column.av-21d7g0-eac459916baaa667cb51ca624860bf6c{\n-webkit-border-radius:0px 0px 0px 0px;\n-moz-border-radius:0px 0px 0px 0px;\nborder-radius:0px 0px 0px 0px;\npadding:0px 0px 0px 0px;\n}\n.responsive #top #wrap_all .flex_column.av-21d7g0-eac459916baaa667cb51ca624860bf6c{\nmargin-top:0px;\nmargin-bottom:0px;\n}\n<\/style>\n<div class='flex_column av-21d7g0-eac459916baaa667cb51ca624860bf6c av_one_half  avia-builder-el-4  el_after_av_one_full  el_before_av_one_half  first flex_column_div av-animated-generic bottom-to-top av-zero-column-padding column-top-margin'     ><section  class='av_textblock_section av-1w32jc-2882aa9491155663dc5f0984bb0fd8cb'  itemscope=\"itemscope\" itemtype=\"https:\/\/schema.org\/CreativeWork\" ><div class='avia_textblock'  itemprop=\"text\" ><p>Kamery monitoringu to niezwykle wa\u017cny element system\u00f3w bezpiecze\u0144stwa. Dzi\u0119ki nim mo\u017cna uzyska\u0107 nie tylko lepszy obraz sytuacji na monitorze, ale tak\u017ce zwi\u0119kszy\u0107 poczucie bezpiecze\u0144stwa w danym obiekcie. Dlatego te\u017c, dob\u00f3r odpowiedniego rodzaju kamer, a tak\u017ce ich rozmieszczenie, jest kluczowy dla skutecznej ochrony.<\/p>\n<\/div><\/section><\/div>\n<style type=\"text\/css\" data-created_by=\"avia_inline_auto\" id=\"style-css-av-1taz54-cfcfd6d38bac88aa4f339649109c139b\">\n#top .flex_column.av-1taz54-cfcfd6d38bac88aa4f339649109c139b{\nmargin-top:0px;\nmargin-bottom:0px;\n}\n.flex_column.av-1taz54-cfcfd6d38bac88aa4f339649109c139b{\n-webkit-border-radius:0px 0px 0px 0px;\n-moz-border-radius:0px 0px 0px 0px;\nborder-radius:0px 0px 0px 0px;\npadding:0px 0px 0px 0px;\n}\n.responsive #top #wrap_all .flex_column.av-1taz54-cfcfd6d38bac88aa4f339649109c139b{\nmargin-top:0px;\nmargin-bottom:0px;\n}\n<\/style>\n<div class='flex_column av-1taz54-cfcfd6d38bac88aa4f339649109c139b av_one_half  avia-builder-el-6  el_after_av_one_half  el_before_av_one_half  flex_column_div av-animated-generic bottom-to-top av-zero-column-padding column-top-margin'     ><section  class='av_textblock_section av-1memk0-571d5fee3fb7afe5db6827e96755b160'  itemscope=\"itemscope\" itemtype=\"https:\/\/schema.org\/CreativeWork\" ><div class='avia_textblock'  itemprop=\"text\" ><p>Istnieje wiele rodzaj\u00f3w kamer monitoringu, w zale\u017cno\u015bci od specyfiki danego obiektu oraz celu ich stosowania. Kamery zewn\u0119trzne charakteryzuj\u0105 si\u0119 wytrzyma\u0142\u0105 obudow\u0105 i odporno\u015bci\u0105 na warunki atmosferyczne, co jest niezwykle wa\u017cne w przypadku monitorowania teren\u00f3w otwartych. Kamery wewn\u0119trzne natomiast s\u0105 mniejsze i bardziej dyskretne, dzi\u0119ki czemu \u0142atwiej je ukry\u0107 wewn\u0105trz pomieszcze\u0144.<\/p>\n<\/div><\/section><\/div>\n<style type=\"text\/css\" data-created_by=\"avia_inline_auto\" id=\"style-css-av-1ghk14-b4a99ed13b9199d77e8babdbbf2248c7\">\n.flex_column.av-1ghk14-b4a99ed13b9199d77e8babdbbf2248c7{\n-webkit-border-radius:0px 0px 0px 0px;\n-moz-border-radius:0px 0px 0px 0px;\nborder-radius:0px 0px 0px 0px;\npadding:0px 0px 0px 0px;\n}\n<\/style>\n<div class='flex_column av-1ghk14-b4a99ed13b9199d77e8babdbbf2248c7 av_one_half  avia-builder-el-8  el_after_av_one_half  el_before_av_one_half  first flex_column_div av-animated-generic bottom-to-top av-zero-column-padding column-top-margin'     ><p>\n<style type=\"text\/css\" data-created_by=\"avia_inline_auto\" id=\"style-css-av-16tdb4-ce2fe8418b166a70f903050a4d761b22\">\n#top .av-special-heading.av-16tdb4-ce2fe8418b166a70f903050a4d761b22{\npadding-bottom:0;\n}\nbody .av-special-heading.av-16tdb4-ce2fe8418b166a70f903050a4d761b22 .av-special-heading-tag .heading-char{\nfont-size:25px;\n}\n.av-special-heading.av-16tdb4-ce2fe8418b166a70f903050a4d761b22 .av-subheading{\nfont-size:15px;\n}\n<\/style>\n<div  class='av-special-heading av-16tdb4-ce2fe8418b166a70f903050a4d761b22 av-special-heading-h2 blockquote modern-quote  avia-builder-el-9  el_before_av_hr  avia-builder-el-first '><h2 class='av-special-heading-tag'  itemprop=\"headline\"  >Do\u015bwiadczenie ma znaczenie!<\/h2><div class=\"special-heading-border\"><div class=\"special-heading-inner-border\"><\/div><\/div><\/div><br \/>\n\n<style type=\"text\/css\" data-created_by=\"avia_inline_auto\" id=\"style-css-av-14r8bs-8af750e67650152f3f2b247416798679\">\n#top .hr.av-14r8bs-8af750e67650152f3f2b247416798679{\nmargin-top:10px;\nmargin-bottom:10px;\n}\n.hr.av-14r8bs-8af750e67650152f3f2b247416798679 .hr-inner{\nwidth:50px;\nborder-color:#efbb20;\n}\n<\/style>\n<div  class='hr av-14r8bs-8af750e67650152f3f2b247416798679 hr-custom  avia-builder-el-10  el_after_av_heading  el_before_av_textblock  hr-left hr-icon-no'><span class='hr-inner inner-border-av-border-fat'><span class=\"hr-inner-style\"><\/span><\/span><\/div><br \/>\n<section  class='av_textblock_section av-xdsrs-0565f190bdf776342a21228310d6dd16'  itemscope=\"itemscope\" itemtype=\"https:\/\/schema.org\/CreativeWork\" ><div class='avia_textblock'  itemprop=\"text\" ><p>Wsp\u00f3\u0142czesne kamery monitoringu s\u0105 wyposa\u017cone w r\u00f3\u017cnego rodzaju funkcje, takie jak detekcja ruchu, rejestracja d\u017awi\u0119ku, czy tryb nocny. Dzi\u0119ki temu mo\u017cliwe jest uzyskanie jeszcze bardziej precyzyjnych i szczeg\u00f3\u0142owych obraz\u00f3w, co wp\u0142ywa na skuteczno\u015b\u0107 monitoringu.<br \/>\nWarto zaznaczy\u0107, \u017ce kamery monitoringu stanowi\u0105 tylko jeden element ca\u0142ego systemu bezpiecze\u0144stwa. Ich dzia\u0142anie jest uzale\u017cnione od innych element\u00f3w, takich jak nagrywarki, przewody, czy oprogramowanie. Dlatego te\u017c, podczas projektowania i instalacji systemu, wa\u017cne jest zapewnienie kompatybilno\u015bci i w\u0142a\u015bciwego doboru ka\u017cdego z tych element\u00f3w.<\/p>\n<\/div><\/section><\/p><\/div>\n<style type=\"text\/css\" data-created_by=\"avia_inline_auto\" id=\"style-css-av-tl7c0-9d02dbe9c8d35a1b692bf4052d4bb51f\">\n.flex_column.av-tl7c0-9d02dbe9c8d35a1b692bf4052d4bb51f{\n-webkit-border-radius:0px 0px 0px 0px;\n-moz-border-radius:0px 0px 0px 0px;\nborder-radius:0px 0px 0px 0px;\npadding:0px 0px 0px 0px;\n}\n<\/style>\n<div class='flex_column av-tl7c0-9d02dbe9c8d35a1b692bf4052d4bb51f av_one_half  avia-builder-el-12  el_after_av_one_half  el_before_av_one_full  flex_column_div av-animated-generic bottom-to-top av-zero-column-padding column-top-margin'     ><style type=\"text\/css\" data-created_by=\"avia_inline_auto\" id=\"style-css-av-2d1u8-408772edffbe4ce19d258e59299ad7b9\">\n.avia-image-container.av-2d1u8-408772edffbe4ce19d258e59299ad7b9 img.avia_image{\nbox-shadow:none;\n}\n.avia-image-container.av-2d1u8-408772edffbe4ce19d258e59299ad7b9 .av-image-caption-overlay-center{\ncolor:#ffffff;\n}\n<\/style>\n<div  class='avia-image-container av-2d1u8-408772edffbe4ce19d258e59299ad7b9 av-styling-no-styling avia-align-center  avia-builder-el-13  avia-builder-el-no-sibling '   itemprop=\"image\" itemscope=\"itemscope\" itemtype=\"https:\/\/schema.org\/ImageObject\" ><div class=\"avia-image-container-inner\"><div class=\"avia-image-overlay-wrap\"><img decoding=\"async\" class='wp-image-397 avia-img-lazy-loading-not-397 avia_image ' src=\"https:\/\/iptechinstalacje.pl\/wp-content\/uploads\/2023\/02\/kame1-300x200.jpg\" alt='' title='Man monitoring modern cctv cameras on digital tablet indoors'  height=\"200\" width=\"300\"  itemprop=\"thumbnailUrl\" srcset=\"https:\/\/iptechinstalacje.pl\/wp-content\/uploads\/2023\/02\/kame1-300x200.jpg 300w, https:\/\/iptechinstalacje.pl\/wp-content\/uploads\/2023\/02\/kame1-1030x687.jpg 1030w, https:\/\/iptechinstalacje.pl\/wp-content\/uploads\/2023\/02\/kame1-768x512.jpg 768w, https:\/\/iptechinstalacje.pl\/wp-content\/uploads\/2023\/02\/kame1-1536x1024.jpg 1536w, https:\/\/iptechinstalacje.pl\/wp-content\/uploads\/2023\/02\/kame1-2048x1365.jpg 2048w, https:\/\/iptechinstalacje.pl\/wp-content\/uploads\/2023\/02\/kame1-1500x1000.jpg 1500w, https:\/\/iptechinstalacje.pl\/wp-content\/uploads\/2023\/02\/kame1-705x470.jpg 705w\" sizes=\"(max-width: 300px) 100vw, 300px\" \/><\/div><\/div><\/div><\/div><\/p>\n\n<style type=\"text\/css\" data-created_by=\"avia_inline_auto\" id=\"style-css-av-g00zs-dc21d1e5ee6808c9def42ec9c90f6eef\">\n.flex_column.av-g00zs-dc21d1e5ee6808c9def42ec9c90f6eef{\nborder-width:1px;\nborder-color:#e1e1e1;\nborder-style:solid;\n-webkit-border-radius:0px 0px 0px 0px;\n-moz-border-radius:0px 0px 0px 0px;\nborder-radius:0px 0px 0px 0px;\npadding:20px 20px 20px 20px;\nbackground-color:#fcfcfc;\n}\n<\/style>\n<div class='flex_column av-g00zs-dc21d1e5ee6808c9def42ec9c90f6eef av_one_full  avia-builder-el-14  el_after_av_one_half  avia-builder-el-last  first flex_column_div av-animated-generic bottom-to-top column-top-margin'     ><section  class='av_textblock_section av-axi08-b696a8b1b3e21360d1da7e85fe590ee0'  itemscope=\"itemscope\" itemtype=\"https:\/\/schema.org\/CreativeWork\" ><div class='avia_textblock'  itemprop=\"text\" ><p>Je\u015bli szukasz wysokiej jako\u015bci kamer monitoringu, to koniecznie zwr\u00f3\u0107 uwag\u0119 na nasz\u0105 ofert\u0119. Oferujemy kamery najwy\u017cszej klasy, wyposa\u017cone w najnowsze funkcje, co gwarantuje najlepsz\u0105 jako\u015b\u0107 obrazu oraz skuteczn\u0105 ochron\u0119 Twojego obiektu. Z nasz\u0105 pomoc\u0105 stworzysz system monitoringu dostosowany do indywidualnych potrzeb i wymaga\u0144. Skontaktuj si\u0119 z nami ju\u017c dzisiaj, a nasi specjali\u015bci pomog\u0105 Ci wybra\u0107 najlepsze rozwi\u0105zanie.<\/p>\n<\/div><\/section><\/div>\n","protected":false},"excerpt":{"rendered":"","protected":false},"author":2,"featured_media":298,"parent":25,"menu_order":3,"comment_status":"closed","ping_status":"closed","template":"","meta":{"footnotes":""},"class_list":["post-144","page","type-page","status-publish","has-post-thumbnail","hentry"],"yoast_head":"<!-- This site is optimized with the Yoast SEO plugin v20.2.1 - https:\/\/yoast.com\/wordpress\/plugins\/seo\/ -->\n<title>Kamery monitoringu - IPTech<\/title>\n<meta name=\"robots\" content=\"index, follow, max-snippet:-1, max-image-preview:large, max-video-preview:-1\" \/>\n<link rel=\"canonical\" href=\"https:\/\/iptechinstalacje.pl\/index.php\/uslugi\/kamery-monitoringu\/\" \/>\n<meta property=\"og:locale\" content=\"pl_PL\" \/>\n<meta property=\"og:type\" content=\"article\" \/>\n<meta property=\"og:title\" content=\"Kamery monitoringu - IPTech\" \/>\n<meta property=\"og:url\" content=\"https:\/\/iptechinstalacje.pl\/index.php\/uslugi\/kamery-monitoringu\/\" \/>\n<meta property=\"og:site_name\" content=\"IPTech\" \/>\n<meta property=\"article:modified_time\" content=\"2023-03-04T19:44:44+00:00\" \/>\n<meta property=\"og:image\" content=\"https:\/\/iptechinstalacje.pl\/wp-content\/uploads\/2023\/02\/iptech_2.png\" \/>\n\t<meta property=\"og:image:width\" content=\"173\" \/>\n\t<meta property=\"og:image:height\" content=\"175\" \/>\n\t<meta property=\"og:image:type\" content=\"image\/png\" \/>\n<meta name=\"twitter:card\" content=\"summary_large_image\" \/>\n<meta name=\"twitter:label1\" content=\"Szacowany czas czytania\" \/>\n\t<meta name=\"twitter:data1\" content=\"10 minut\" \/>\n<script type=\"application\/ld+json\" class=\"yoast-schema-graph\">{\"@context\":\"https:\/\/schema.org\",\"@graph\":[{\"@type\":\"WebPage\",\"@id\":\"https:\/\/iptechinstalacje.pl\/index.php\/uslugi\/kamery-monitoringu\/\",\"url\":\"https:\/\/iptechinstalacje.pl\/index.php\/uslugi\/kamery-monitoringu\/\",\"name\":\"Kamery monitoringu - IPTech\",\"isPartOf\":{\"@id\":\"https:\/\/iptechinstalacje.pl\/#website\"},\"datePublished\":\"2015-10-22T13:32:53+00:00\",\"dateModified\":\"2023-03-04T19:44:44+00:00\",\"breadcrumb\":{\"@id\":\"https:\/\/iptechinstalacje.pl\/index.php\/uslugi\/kamery-monitoringu\/#breadcrumb\"},\"inLanguage\":\"pl-PL\",\"potentialAction\":[{\"@type\":\"ReadAction\",\"target\":[\"https:\/\/iptechinstalacje.pl\/index.php\/uslugi\/kamery-monitoringu\/\"]}]},{\"@type\":\"BreadcrumbList\",\"@id\":\"https:\/\/iptechinstalacje.pl\/index.php\/uslugi\/kamery-monitoringu\/#breadcrumb\",\"itemListElement\":[{\"@type\":\"ListItem\",\"position\":1,\"name\":\"Strona g\u0142\u00f3wna\",\"item\":\"https:\/\/iptechinstalacje.pl\/\"},{\"@type\":\"ListItem\",\"position\":2,\"name\":\"Us\u0142ugi\",\"item\":\"https:\/\/iptechinstalacje.pl\/index.php\/uslugi\/\"},{\"@type\":\"ListItem\",\"position\":3,\"name\":\"Kamery monitoringu\"}]},{\"@type\":\"WebSite\",\"@id\":\"https:\/\/iptechinstalacje.pl\/#website\",\"url\":\"https:\/\/iptechinstalacje.pl\/\",\"name\":\"IPTech\",\"description\":\"IPTech Homepage\",\"potentialAction\":[{\"@type\":\"SearchAction\",\"target\":{\"@type\":\"EntryPoint\",\"urlTemplate\":\"https:\/\/iptechinstalacje.pl\/?s={search_term_string}\"},\"query-input\":\"required name=search_term_string\"}],\"inLanguage\":\"pl-PL\"}]}<\/script>\n<!-- \/ Yoast SEO plugin. -->","yoast_head_json":{"title":"Kamery monitoringu - IPTech","robots":{"index":"index","follow":"follow","max-snippet":"max-snippet:-1","max-image-preview":"max-image-preview:large","max-video-preview":"max-video-preview:-1"},"canonical":"https:\/\/iptechinstalacje.pl\/index.php\/uslugi\/kamery-monitoringu\/","og_locale":"pl_PL","og_type":"article","og_title":"Kamery monitoringu - IPTech","og_url":"https:\/\/iptechinstalacje.pl\/index.php\/uslugi\/kamery-monitoringu\/","og_site_name":"IPTech","article_modified_time":"2023-03-04T19:44:44+00:00","og_image":[{"width":173,"height":175,"url":"https:\/\/iptechinstalacje.pl\/wp-content\/uploads\/2023\/02\/iptech_2.png","type":"image\/png"}],"twitter_card":"summary_large_image","twitter_misc":{"Szacowany czas czytania":"10 minut"},"schema":{"@context":"https:\/\/schema.org","@graph":[{"@type":"WebPage","@id":"https:\/\/iptechinstalacje.pl\/index.php\/uslugi\/kamery-monitoringu\/","url":"https:\/\/iptechinstalacje.pl\/index.php\/uslugi\/kamery-monitoringu\/","name":"Kamery monitoringu - IPTech","isPartOf":{"@id":"https:\/\/iptechinstalacje.pl\/#website"},"datePublished":"2015-10-22T13:32:53+00:00","dateModified":"2023-03-04T19:44:44+00:00","breadcrumb":{"@id":"https:\/\/iptechinstalacje.pl\/index.php\/uslugi\/kamery-monitoringu\/#breadcrumb"},"inLanguage":"pl-PL","potentialAction":[{"@type":"ReadAction","target":["https:\/\/iptechinstalacje.pl\/index.php\/uslugi\/kamery-monitoringu\/"]}]},{"@type":"BreadcrumbList","@id":"https:\/\/iptechinstalacje.pl\/index.php\/uslugi\/kamery-monitoringu\/#breadcrumb","itemListElement":[{"@type":"ListItem","position":1,"name":"Strona g\u0142\u00f3wna","item":"https:\/\/iptechinstalacje.pl\/"},{"@type":"ListItem","position":2,"name":"Us\u0142ugi","item":"https:\/\/iptechinstalacje.pl\/index.php\/uslugi\/"},{"@type":"ListItem","position":3,"name":"Kamery monitoringu"}]},{"@type":"WebSite","@id":"https:\/\/iptechinstalacje.pl\/#website","url":"https:\/\/iptechinstalacje.pl\/","name":"IPTech","description":"IPTech Homepage","potentialAction":[{"@type":"SearchAction","target":{"@type":"EntryPoint","urlTemplate":"https:\/\/iptechinstalacje.pl\/?s={search_term_string}"},"query-input":"required name=search_term_string"}],"inLanguage":"pl-PL"}]}},"_links":{"self":[{"href":"https:\/\/iptechinstalacje.pl\/index.php\/wp-json\/wp\/v2\/pages\/144","targetHints":{"allow":["GET"]}}],"collection":[{"href":"https:\/\/iptechinstalacje.pl\/index.php\/wp-json\/wp\/v2\/pages"}],"about":[{"href":"https:\/\/iptechinstalacje.pl\/index.php\/wp-json\/wp\/v2\/types\/page"}],"author":[{"embeddable":true,"href":"https:\/\/iptechinstalacje.pl\/index.php\/wp-json\/wp\/v2\/users\/2"}],"replies":[{"embeddable":true,"href":"https:\/\/iptechinstalacje.pl\/index.php\/wp-json\/wp\/v2\/comments?post=144"}],"version-history":[{"count":6,"href":"https:\/\/iptechinstalacje.pl\/index.php\/wp-json\/wp\/v2\/pages\/144\/revisions"}],"predecessor-version":[{"id":556,"href":"https:\/\/iptechinstalacje.pl\/index.php\/wp-json\/wp\/v2\/pages\/144\/revisions\/556"}],"up":[{"embeddable":true,"href":"https:\/\/iptechinstalacje.pl\/index.php\/wp-json\/wp\/v2\/pages\/25"}],"wp:featuredmedia":[{"embeddable":true,"href":"https:\/\/iptechinstalacje.pl\/index.php\/wp-json\/wp\/v2\/media\/298"}],"wp:attachment":[{"href":"https:\/\/iptechinstalacje.pl\/index.php\/wp-json\/wp\/v2\/media?parent=144"}],"curies":[{"name":"wp","href":"https:\/\/api.w.org\/{rel}","templated":true}]}}