{"id":138,"date":"2015-10-22T15:31:54","date_gmt":"2015-10-22T13:31:54","guid":{"rendered":"http:\/\/test.kriesi.at\/construction\/?page_id=138"},"modified":"2023-03-19T15:21:08","modified_gmt":"2023-03-19T14:21:08","slug":"ladowarki-do-samochodow","status":"publish","type":"page","link":"https:\/\/iptechinstalacje.pl\/index.php\/uslugi\/ladowarki-do-samochodow\/","title":{"rendered":"\u0141adowarki do samochod\u00f3w"},"content":{"rendered":"<div  class='avia-slideshow av-418f3m-50c4026bebbc54383b04e8099f2262a9 avia-slideshow-featured_large av_slideshow avia-fade-slider  avia-builder-el-0  el_before_av_one_full  avia-builder-el-first  av-slideshow-ui av-control-hidden av-no-slider-navigation av-hide-nav-arrows av-slideshow-autoplay av-loop-endless av-loop-manual-endless av-default-height-applied avia-slideshow-1' data-slideshow-options=\"{&quot;animation&quot;:&quot;fade&quot;,&quot;autoplay&quot;:true,&quot;loop_autoplay&quot;:&quot;endless&quot;,&quot;interval&quot;:5,&quot;loop_manual&quot;:&quot;manual-endless&quot;,&quot;autoplay_stopper&quot;:false,&quot;noNavigation&quot;:true,&quot;bg_slider&quot;:false,&quot;keep_padding&quot;:false,&quot;hoverpause&quot;:false,&quot;show_slide_delay&quot;:0}\"  itemprop=\"image\" itemscope=\"itemscope\" itemtype=\"https:\/\/schema.org\/ImageObject\" ><ul class='avia-slideshow-inner ' style='padding-bottom: 42%;'><li  class='avia-slideshow-slide av-418f3m-50c4026bebbc54383b04e8099f2262a9__0  av-single-slide slide-1 slide-odd'><div data-rel='slideshow-1' class='avia-slide-wrap '   ><img decoding=\"async\" class=\"wp-image-411 avia-img-lazy-loading-not-411\"  src=\"https:\/\/iptechinstalacje.pl\/wp-content\/uploads\/2023\/02\/glowneFotow-1500x630.jpg\" width=\"1500\" height=\"630\" title='group of EV charging stations' alt=''  itemprop=\"thumbnailUrl\"   \/><\/div><\/li><\/ul><\/div>\n\n<style type=\"text\/css\" data-created_by=\"avia_inline_auto\" id=\"style-css-av-3eu8q2-4ef65ce2a02cde2200279d1c7aa99ab4\">\n#top .flex_column.av-3eu8q2-4ef65ce2a02cde2200279d1c7aa99ab4{\nmargin-top:0px;\nmargin-bottom:0px;\n}\n.flex_column.av-3eu8q2-4ef65ce2a02cde2200279d1c7aa99ab4{\n-webkit-border-radius:0px 0px 0px 0px;\n-moz-border-radius:0px 0px 0px 0px;\nborder-radius:0px 0px 0px 0px;\npadding:0px 0px 0px 0px;\n}\n.responsive #top #wrap_all .flex_column.av-3eu8q2-4ef65ce2a02cde2200279d1c7aa99ab4{\nmargin-top:0px;\nmargin-bottom:0px;\n}\n<\/style>\n<div class='flex_column av-3eu8q2-4ef65ce2a02cde2200279d1c7aa99ab4 av_one_full  avia-builder-el-1  el_after_av_slideshow  el_before_av_one_half  first flex_column_div av-animated-generic bottom-to-top av-zero-column-padding '     ><p>\n<style type=\"text\/css\" data-created_by=\"avia_inline_auto\" id=\"style-css-av-379ha2-f2b42453629f99c4299ef74abb03ab89\">\n#top .av-special-heading.av-379ha2-f2b42453629f99c4299ef74abb03ab89{\npadding-bottom:0;\n}\nbody .av-special-heading.av-379ha2-f2b42453629f99c4299ef74abb03ab89 .av-special-heading-tag .heading-char{\nfont-size:25px;\n}\n.av-special-heading.av-379ha2-f2b42453629f99c4299ef74abb03ab89 .av-subheading{\nfont-size:15px;\n}\n<\/style>\n<div  class='av-special-heading av-379ha2-f2b42453629f99c4299ef74abb03ab89 av-special-heading-h2 blockquote modern-quote  avia-builder-el-2  el_before_av_hr  avia-builder-el-first '><h2 class='av-special-heading-tag'  itemprop=\"headline\"  >\u0141adowarki do samochod\u00f3w<\/h2><div class=\"special-heading-border\"><div class=\"special-heading-inner-border\"><\/div><\/div><\/div><br \/>\n\n<style type=\"text\/css\" data-created_by=\"avia_inline_auto\" id=\"style-css-av-14n2i-42bf8dbd555b20c770067941931f80ca\">\n#top .hr.av-14n2i-42bf8dbd555b20c770067941931f80ca{\nmargin-top:10px;\nmargin-bottom:10px;\n}\n.hr.av-14n2i-42bf8dbd555b20c770067941931f80ca .hr-inner{\nwidth:50px;\nborder-color:#efbb20;\n}\n<\/style>\n<div  class='hr av-14n2i-42bf8dbd555b20c770067941931f80ca hr-custom  avia-builder-el-3  el_after_av_heading  avia-builder-el-last  hr-left hr-icon-no'><span class='hr-inner inner-border-av-border-fat'><span class=\"hr-inner-style\"><\/span><\/span><\/div><\/p><\/div>\n\n<style type=\"text\/css\" data-created_by=\"avia_inline_auto\" id=\"style-css-av-2yv8vm-bb32b4daa93b3beb56721145619996f6\">\n#top .flex_column.av-2yv8vm-bb32b4daa93b3beb56721145619996f6{\nmargin-top:0px;\nmargin-bottom:0px;\n}\n.flex_column.av-2yv8vm-bb32b4daa93b3beb56721145619996f6{\n-webkit-border-radius:0px 0px 0px 0px;\n-moz-border-radius:0px 0px 0px 0px;\nborder-radius:0px 0px 0px 0px;\npadding:0px 0px 0px 0px;\n}\n.responsive #top #wrap_all .flex_column.av-2yv8vm-bb32b4daa93b3beb56721145619996f6{\nmargin-top:0px;\nmargin-bottom:0px;\n}\n<\/style>\n<div class='flex_column av-2yv8vm-bb32b4daa93b3beb56721145619996f6 av_one_half  avia-builder-el-4  el_after_av_one_full  el_before_av_one_half  first flex_column_div av-animated-generic bottom-to-top av-zero-column-padding column-top-margin'     ><section  class='av_textblock_section av-2q3oje-99534a0cd39c1fecb6eb1289063847cf'  itemscope=\"itemscope\" itemtype=\"https:\/\/schema.org\/CreativeWork\" ><div class='avia_textblock'  itemprop=\"text\" ><p>\u0141adowarki do samochod\u00f3w elektrycznych s\u0105 coraz bardziej popularne wraz ze wzrostem liczby pojazd\u00f3w tego typu na drogach. Wyb\u00f3r odpowiedniej \u0142adowarki jest wa\u017cny, aby zapewni\u0107 bezpieczne i szybkie \u0142adowanie Twojego samochodu.<\/p>\n<\/div><\/section><\/div>\n\n<style type=\"text\/css\" data-created_by=\"avia_inline_auto\" id=\"style-css-av-2n4hqq-14a0595a517180521a08ce12a0b2a48e\">\n#top .flex_column.av-2n4hqq-14a0595a517180521a08ce12a0b2a48e{\nmargin-top:0px;\nmargin-bottom:0px;\n}\n.flex_column.av-2n4hqq-14a0595a517180521a08ce12a0b2a48e{\n-webkit-border-radius:0px 0px 0px 0px;\n-moz-border-radius:0px 0px 0px 0px;\nborder-radius:0px 0px 0px 0px;\npadding:0px 0px 0px 0px;\n}\n.responsive #top #wrap_all .flex_column.av-2n4hqq-14a0595a517180521a08ce12a0b2a48e{\nmargin-top:0px;\nmargin-bottom:0px;\n}\n<\/style>\n<div class='flex_column av-2n4hqq-14a0595a517180521a08ce12a0b2a48e av_one_half  avia-builder-el-6  el_after_av_one_half  el_before_av_one_full  flex_column_div av-animated-generic bottom-to-top av-zero-column-padding column-top-margin'     ><section  class='av_textblock_section av-2f72a2-588d2b91f1fbe773a50687771a296434'  itemscope=\"itemscope\" itemtype=\"https:\/\/schema.org\/CreativeWork\" ><div class='avia_textblock'  itemprop=\"text\" ><p>Wa\u017cne jest, aby wybra\u0107 \u0142adowark\u0119 odpowiedni\u0105 do Twojego samochodu. Przed zakupem nale\u017cy sprawdzi\u0107, jakie z\u0142\u0105cza \u0142adowania posiada Tw\u00f3j pojazd i jakie parametry musi spe\u0142nia\u0107 \u0142adowarka.<\/p>\n<\/div><\/section><\/div>\n\n<style type=\"text\/css\" data-created_by=\"avia_inline_auto\" id=\"style-css-av-27t7ai-243a8039c849f71e68aef98a6c5d04b0\">\n.flex_column.av-27t7ai-243a8039c849f71e68aef98a6c5d04b0{\n-webkit-border-radius:0px 0px 0px 0px;\n-moz-border-radius:0px 0px 0px 0px;\nborder-radius:0px 0px 0px 0px;\npadding:0px 0px 0px 0px;\n}\n<\/style>\n<div class='flex_column av-27t7ai-243a8039c849f71e68aef98a6c5d04b0 av_one_full  avia-builder-el-8  el_after_av_one_half  el_before_av_one_half  first flex_column_div av-animated-generic bottom-to-top av-zero-column-padding column-top-margin'     ><div  class='togglecontainer av-7oa3e-96c27e039d0d2078b94bd1799a9c65c5  avia-builder-el-9  avia-builder-el-no-sibling  toggle_close_all' >\n<section class='av_toggle_section av-1vod7m-680da2dd662e495158b9fd9551d4830a'  itemscope=\"itemscope\" itemtype=\"https:\/\/schema.org\/CreativeWork\" ><div role=\"tablist\" class=\"single_toggle\" data-tags=\"{Wszystko} \"  ><p data-fake-id='#toggle-id-1' class='toggler  activeTitle '  itemprop=\"headline\"  role='tab' tabindex='0' aria-controls='toggle-id-1'>Jakie mog\u0105 by\u0107 typy \u0142adowarek?<span class=\"toggle_icon\"><span class=\"vert_icon\"><\/span><span class=\"hor_icon\"><\/span><\/span><\/p><div id='toggle-id-1' class='toggle_wrap  active_tc' style='display:block;' ><div class='toggle_content invers-color '  itemprop=\"text\" ><ol>\n<li>\u0141adowarki AC &#8211; s\u0142u\u017c\u0105 do \u0142adowania samochod\u00f3w elektrycznych z sieci zmiennego pr\u0105du (AC). Te \u0142adowarki maj\u0105 zwykle moc od 3 kW do 22 kW i s\u0105 instalowane w domach, biurach, centrach handlowych i na parkingach publicznych.<\/li>\n<li>\u0141adowarki DC &#8211; s\u0142u\u017c\u0105 do \u0142adowania samochod\u00f3w elektrycznych z sieci sta\u0142ego pr\u0105du (DC). Te \u0142adowarki maj\u0105 zwykle moc od 50 kW do 350 kW i s\u0105 instalowane w specjalnych stacjach \u0142adowania, kt\u00f3re s\u0105 zazwyczaj zlokalizowane wzd\u0142u\u017c autostrad i g\u0142\u00f3wnych dr\u00f3g.<\/li>\n<li>\u0141adowarki indukcyjne &#8211; s\u0142u\u017c\u0105 do \u0142adowania samochod\u00f3w elektrycznych bezprzewodowo za pomoc\u0105 pola elektromagnetycznego. Te \u0142adowarki wykorzystuj\u0105 zjawisko indukcji elektromagnetycznej, aby przesy\u0142a\u0107 energi\u0119 elektryczn\u0105 do samochodu elektrycznego przez indukcyjne pole magnetyczne. Obecnie \u0142adowarki indukcyjne s\u0105 w fazie test\u00f3w i nie s\u0105 jeszcze powszechnie stosowane.<\/li>\n<\/ol>\n<\/div><\/div><\/div><\/section>\n<\/div><\/div>\n<style type=\"text\/css\" data-created_by=\"avia_inline_auto\" id=\"style-css-av-ie56-b83958e0a7b9f03c065305c85369320b\">\n.flex_column.av-ie56-b83958e0a7b9f03c065305c85369320b{\n-webkit-border-radius:0px 0px 0px 0px;\n-moz-border-radius:0px 0px 0px 0px;\nborder-radius:0px 0px 0px 0px;\npadding:0px 0px 0px 0px;\n}\n<\/style>\n<div class='flex_column av-ie56-b83958e0a7b9f03c065305c85369320b av_one_half  avia-builder-el-10  el_after_av_one_full  el_before_av_one_half  first flex_column_div av-animated-generic bottom-to-top av-zero-column-padding column-top-margin'     ><p>\n<style type=\"text\/css\" data-created_by=\"avia_inline_auto\" id=\"style-css-av-19r56a-72d39545aee0a98a352e22068705213a\">\n#top .av-special-heading.av-19r56a-72d39545aee0a98a352e22068705213a{\npadding-bottom:0;\n}\nbody .av-special-heading.av-19r56a-72d39545aee0a98a352e22068705213a .av-special-heading-tag .heading-char{\nfont-size:25px;\n}\n.av-special-heading.av-19r56a-72d39545aee0a98a352e22068705213a .av-subheading{\nfont-size:15px;\n}\n<\/style>\n<div  class='av-special-heading av-19r56a-72d39545aee0a98a352e22068705213a av-special-heading-h2 blockquote modern-quote  avia-builder-el-11  el_before_av_hr  avia-builder-el-first '><h2 class='av-special-heading-tag'  itemprop=\"headline\"  >Co warto wiedzie\u0107?<\/h2><div class=\"special-heading-border\"><div class=\"special-heading-inner-border\"><\/div><\/div><\/div><br \/>\n\n<style type=\"text\/css\" data-created_by=\"avia_inline_auto\" id=\"style-css-av-15nj4q-5f62769731edfb6fbe5ba932983ed3c3\">\n#top .hr.av-15nj4q-5f62769731edfb6fbe5ba932983ed3c3{\nmargin-top:10px;\nmargin-bottom:10px;\n}\n.hr.av-15nj4q-5f62769731edfb6fbe5ba932983ed3c3 .hr-inner{\nwidth:50px;\nborder-color:#efbb20;\n}\n<\/style>\n<div  class='hr av-15nj4q-5f62769731edfb6fbe5ba932983ed3c3 hr-custom  avia-builder-el-12  el_after_av_heading  el_before_av_textblock  hr-left hr-icon-no'><span class='hr-inner inner-border-av-border-fat'><span class=\"hr-inner-style\"><\/span><\/span><\/div><br \/>\n<section  class='av_textblock_section av-3ddpe-b261263dc85e39c9b745f104598d79fa'  itemscope=\"itemscope\" itemtype=\"https:\/\/schema.org\/CreativeWork\" ><div class='avia_textblock'  itemprop=\"text\" ><p>Istniej\u0105 trzy rodzaje \u0142adowarek: \u0142adowarki do u\u017cytku prywatnego, publiczne \u0142adowarki AC oraz publiczne \u0142adowarki DC. \u0141adowarki do u\u017cytku prywatnego to najszybszy i najwygodniejszy spos\u00f3b na \u0142adowanie samochodu w domu lub w miejscu pracy. Publiczne \u0142adowarki AC s\u0105 dost\u0119pne w wielu miejscach, takich jak parkingi, centra handlowe i stacje benzynowe. Publiczne \u0142adowarki DC s\u0105 wykorzystywane g\u0142\u00f3wnie na stacjach \u0142adowania szybkiego \u0142adowania i umo\u017cliwiaj\u0105 uzyskanie maksymalnego czasu \u0142adowania.<\/p>\n<\/div><\/section><\/p><\/div><\/p>\n\n<style type=\"text\/css\" data-created_by=\"avia_inline_auto\" id=\"style-css-av-qq0tm-8c332fe932bcf9a45f0770a20a05003c\">\n.flex_column.av-qq0tm-8c332fe932bcf9a45f0770a20a05003c{\n-webkit-border-radius:0px 0px 0px 0px;\n-moz-border-radius:0px 0px 0px 0px;\nborder-radius:0px 0px 0px 0px;\npadding:0px 0px 0px 0px;\n}\n<\/style>\n<div class='flex_column av-qq0tm-8c332fe932bcf9a45f0770a20a05003c av_one_half  avia-builder-el-14  el_after_av_one_half  el_before_av_one_full  flex_column_div av-animated-generic bottom-to-top av-zero-column-padding column-top-margin'     ><style type=\"text\/css\" data-created_by=\"avia_inline_auto\" id=\"style-css-av-kfnwi-7bf319c962ac5270718157b6072e36d5\">\n.avia-image-container.av-kfnwi-7bf319c962ac5270718157b6072e36d5 img.avia_image{\nbox-shadow:none;\n}\n.avia-image-container.av-kfnwi-7bf319c962ac5270718157b6072e36d5 .av-image-caption-overlay-center{\ncolor:#ffffff;\n}\n<\/style>\n<div  class='avia-image-container av-kfnwi-7bf319c962ac5270718157b6072e36d5 av-styling-no-styling avia-align-center  avia-builder-el-15  avia-builder-el-no-sibling '   itemprop=\"image\" itemscope=\"itemscope\" itemtype=\"https:\/\/schema.org\/ImageObject\" ><div class=\"avia-image-container-inner\"><div class=\"avia-image-overlay-wrap\"><img decoding=\"async\" class='wp-image-412 avia-img-lazy-loading-not-412 avia_image ' src=\"https:\/\/iptechinstalacje.pl\/wp-content\/uploads\/2023\/02\/Fotow1-300x150.jpg\" alt='' title='Concept of a home battery energy storage located in a garage with a sunny background with lawn car, family house and big city. 3d rendering.'  height=\"150\" width=\"300\"  itemprop=\"thumbnailUrl\" srcset=\"https:\/\/iptechinstalacje.pl\/wp-content\/uploads\/2023\/02\/Fotow1-300x150.jpg 300w, https:\/\/iptechinstalacje.pl\/wp-content\/uploads\/2023\/02\/Fotow1-1030x515.jpg 1030w, https:\/\/iptechinstalacje.pl\/wp-content\/uploads\/2023\/02\/Fotow1-768x384.jpg 768w, https:\/\/iptechinstalacje.pl\/wp-content\/uploads\/2023\/02\/Fotow1-1536x768.jpg 1536w, https:\/\/iptechinstalacje.pl\/wp-content\/uploads\/2023\/02\/Fotow1-2048x1024.jpg 2048w, https:\/\/iptechinstalacje.pl\/wp-content\/uploads\/2023\/02\/Fotow1-1500x750.jpg 1500w, https:\/\/iptechinstalacje.pl\/wp-content\/uploads\/2023\/02\/Fotow1-705x353.jpg 705w\" sizes=\"(max-width: 300px) 100vw, 300px\" \/><\/div><\/div><\/div><\/div>\n\n<style type=\"text\/css\" data-created_by=\"avia_inline_auto\" id=\"style-css-av-dlzrm-327c47bbbba4f60493541c41ddb24ae9\">\n.flex_column.av-dlzrm-327c47bbbba4f60493541c41ddb24ae9{\nborder-width:1px;\nborder-color:#e1e1e1;\nborder-style:solid;\n-webkit-border-radius:0px 0px 0px 0px;\n-moz-border-radius:0px 0px 0px 0px;\nborder-radius:0px 0px 0px 0px;\npadding:20px 20px 20px 20px;\nbackground-color:#fcfcfc;\n}\n<\/style>\n<div class='flex_column av-dlzrm-327c47bbbba4f60493541c41ddb24ae9 av_one_full  avia-builder-el-16  el_after_av_one_half  avia-builder-el-last  first flex_column_div av-animated-generic bottom-to-top column-top-margin'     ><section  class='av_textblock_section av-7b4bu-f1070c26e71c1a40789837eeb58ebb3b'  itemscope=\"itemscope\" itemtype=\"https:\/\/schema.org\/CreativeWork\" ><div class='avia_textblock'  itemprop=\"text\" ><p>Pami\u0119taj r\u00f3wnie\u017c, \u017ce istniej\u0105 r\u00f3\u017cne poziomy mocy \u0142adowarek, kt\u00f3re wp\u0142ywaj\u0105 na czas \u0142adowania samochodu. Wysoka moc \u0142adowania pozwala na szybsze \u0142adowanie, ale mo\u017ce te\u017c prowadzi\u0107 do skr\u00f3cenia \u017cywotno\u015bci baterii samochodu.<br \/>\nJe\u015bli szukasz \u0142adowarki do samochodu elektrycznego, zwr\u00f3\u0107 uwag\u0119 na jej jako\u015b\u0107 i bezpiecze\u0144stwo. Wybierz sprawdzone marki, kt\u00f3re oferuj\u0105 wysok\u0105 jako\u015b\u0107 i niezawodno\u015b\u0107.<br \/>\nDobrze zaprojektowana i dopasowana \u0142adowarka to gwarancja bezpiecznego i wydajnego \u0142adowania Twojego samochodu elektrycznego. Przed dokonaniem wyboru, warto dok\u0142adnie zapozna\u0107 si\u0119 z ofert\u0105 dost\u0119pnych na rynku \u0142adowarek i wybra\u0107 t\u0119, kt\u00f3ra spe\u0142ni Twoje potrzeby i oczekiwania.<\/p>\n<\/div><\/section><\/div>\n","protected":false},"excerpt":{"rendered":"","protected":false},"author":2,"featured_media":298,"parent":25,"menu_order":8,"comment_status":"closed","ping_status":"closed","template":"","meta":{"footnotes":""},"class_list":["post-138","page","type-page","status-publish","has-post-thumbnail","hentry"],"yoast_head":"<!-- This site is optimized with the Yoast SEO plugin v20.2.1 - https:\/\/yoast.com\/wordpress\/plugins\/seo\/ -->\n<title>\u0141adowarki do samochod\u00f3w - IPTech<\/title>\n<meta name=\"robots\" content=\"index, follow, max-snippet:-1, max-image-preview:large, max-video-preview:-1\" \/>\n<link rel=\"canonical\" href=\"https:\/\/iptechinstalacje.pl\/index.php\/uslugi\/ladowarki-do-samochodow\/\" \/>\n<meta property=\"og:locale\" content=\"pl_PL\" \/>\n<meta property=\"og:type\" content=\"article\" \/>\n<meta property=\"og:title\" content=\"\u0141adowarki do samochod\u00f3w - IPTech\" \/>\n<meta property=\"og:url\" content=\"https:\/\/iptechinstalacje.pl\/index.php\/uslugi\/ladowarki-do-samochodow\/\" \/>\n<meta property=\"og:site_name\" content=\"IPTech\" \/>\n<meta property=\"article:modified_time\" content=\"2023-03-19T14:21:08+00:00\" \/>\n<meta property=\"og:image\" content=\"https:\/\/iptechinstalacje.pl\/wp-content\/uploads\/2023\/02\/iptech_2.png\" \/>\n\t<meta property=\"og:image:width\" content=\"173\" \/>\n\t<meta property=\"og:image:height\" content=\"175\" \/>\n\t<meta property=\"og:image:type\" content=\"image\/png\" \/>\n<meta name=\"twitter:card\" content=\"summary_large_image\" \/>\n<meta name=\"twitter:label1\" content=\"Szacowany czas czytania\" \/>\n\t<meta name=\"twitter:data1\" content=\"6 minut\" \/>\n<script type=\"application\/ld+json\" class=\"yoast-schema-graph\">{\"@context\":\"https:\/\/schema.org\",\"@graph\":[{\"@type\":\"WebPage\",\"@id\":\"https:\/\/iptechinstalacje.pl\/index.php\/uslugi\/ladowarki-do-samochodow\/\",\"url\":\"https:\/\/iptechinstalacje.pl\/index.php\/uslugi\/ladowarki-do-samochodow\/\",\"name\":\"\u0141adowarki do samochod\u00f3w - IPTech\",\"isPartOf\":{\"@id\":\"https:\/\/iptechinstalacje.pl\/#website\"},\"datePublished\":\"2015-10-22T13:31:54+00:00\",\"dateModified\":\"2023-03-19T14:21:08+00:00\",\"breadcrumb\":{\"@id\":\"https:\/\/iptechinstalacje.pl\/index.php\/uslugi\/ladowarki-do-samochodow\/#breadcrumb\"},\"inLanguage\":\"pl-PL\",\"potentialAction\":[{\"@type\":\"ReadAction\",\"target\":[\"https:\/\/iptechinstalacje.pl\/index.php\/uslugi\/ladowarki-do-samochodow\/\"]}]},{\"@type\":\"BreadcrumbList\",\"@id\":\"https:\/\/iptechinstalacje.pl\/index.php\/uslugi\/ladowarki-do-samochodow\/#breadcrumb\",\"itemListElement\":[{\"@type\":\"ListItem\",\"position\":1,\"name\":\"Strona g\u0142\u00f3wna\",\"item\":\"https:\/\/iptechinstalacje.pl\/\"},{\"@type\":\"ListItem\",\"position\":2,\"name\":\"Us\u0142ugi\",\"item\":\"https:\/\/iptechinstalacje.pl\/index.php\/uslugi\/\"},{\"@type\":\"ListItem\",\"position\":3,\"name\":\"\u0141adowarki do samochod\u00f3w\"}]},{\"@type\":\"WebSite\",\"@id\":\"https:\/\/iptechinstalacje.pl\/#website\",\"url\":\"https:\/\/iptechinstalacje.pl\/\",\"name\":\"IPTech\",\"description\":\"IPTech Homepage\",\"potentialAction\":[{\"@type\":\"SearchAction\",\"target\":{\"@type\":\"EntryPoint\",\"urlTemplate\":\"https:\/\/iptechinstalacje.pl\/?s={search_term_string}\"},\"query-input\":\"required name=search_term_string\"}],\"inLanguage\":\"pl-PL\"}]}<\/script>\n<!-- \/ Yoast SEO plugin. -->","yoast_head_json":{"title":"\u0141adowarki do samochod\u00f3w - IPTech","robots":{"index":"index","follow":"follow","max-snippet":"max-snippet:-1","max-image-preview":"max-image-preview:large","max-video-preview":"max-video-preview:-1"},"canonical":"https:\/\/iptechinstalacje.pl\/index.php\/uslugi\/ladowarki-do-samochodow\/","og_locale":"pl_PL","og_type":"article","og_title":"\u0141adowarki do samochod\u00f3w - IPTech","og_url":"https:\/\/iptechinstalacje.pl\/index.php\/uslugi\/ladowarki-do-samochodow\/","og_site_name":"IPTech","article_modified_time":"2023-03-19T14:21:08+00:00","og_image":[{"width":173,"height":175,"url":"https:\/\/iptechinstalacje.pl\/wp-content\/uploads\/2023\/02\/iptech_2.png","type":"image\/png"}],"twitter_card":"summary_large_image","twitter_misc":{"Szacowany czas czytania":"6 minut"},"schema":{"@context":"https:\/\/schema.org","@graph":[{"@type":"WebPage","@id":"https:\/\/iptechinstalacje.pl\/index.php\/uslugi\/ladowarki-do-samochodow\/","url":"https:\/\/iptechinstalacje.pl\/index.php\/uslugi\/ladowarki-do-samochodow\/","name":"\u0141adowarki do samochod\u00f3w - IPTech","isPartOf":{"@id":"https:\/\/iptechinstalacje.pl\/#website"},"datePublished":"2015-10-22T13:31:54+00:00","dateModified":"2023-03-19T14:21:08+00:00","breadcrumb":{"@id":"https:\/\/iptechinstalacje.pl\/index.php\/uslugi\/ladowarki-do-samochodow\/#breadcrumb"},"inLanguage":"pl-PL","potentialAction":[{"@type":"ReadAction","target":["https:\/\/iptechinstalacje.pl\/index.php\/uslugi\/ladowarki-do-samochodow\/"]}]},{"@type":"BreadcrumbList","@id":"https:\/\/iptechinstalacje.pl\/index.php\/uslugi\/ladowarki-do-samochodow\/#breadcrumb","itemListElement":[{"@type":"ListItem","position":1,"name":"Strona g\u0142\u00f3wna","item":"https:\/\/iptechinstalacje.pl\/"},{"@type":"ListItem","position":2,"name":"Us\u0142ugi","item":"https:\/\/iptechinstalacje.pl\/index.php\/uslugi\/"},{"@type":"ListItem","position":3,"name":"\u0141adowarki do samochod\u00f3w"}]},{"@type":"WebSite","@id":"https:\/\/iptechinstalacje.pl\/#website","url":"https:\/\/iptechinstalacje.pl\/","name":"IPTech","description":"IPTech Homepage","potentialAction":[{"@type":"SearchAction","target":{"@type":"EntryPoint","urlTemplate":"https:\/\/iptechinstalacje.pl\/?s={search_term_string}"},"query-input":"required name=search_term_string"}],"inLanguage":"pl-PL"}]}},"_links":{"self":[{"href":"https:\/\/iptechinstalacje.pl\/index.php\/wp-json\/wp\/v2\/pages\/138","targetHints":{"allow":["GET"]}}],"collection":[{"href":"https:\/\/iptechinstalacje.pl\/index.php\/wp-json\/wp\/v2\/pages"}],"about":[{"href":"https:\/\/iptechinstalacje.pl\/index.php\/wp-json\/wp\/v2\/types\/page"}],"author":[{"embeddable":true,"href":"https:\/\/iptechinstalacje.pl\/index.php\/wp-json\/wp\/v2\/users\/2"}],"replies":[{"embeddable":true,"href":"https:\/\/iptechinstalacje.pl\/index.php\/wp-json\/wp\/v2\/comments?post=138"}],"version-history":[{"count":6,"href":"https:\/\/iptechinstalacje.pl\/index.php\/wp-json\/wp\/v2\/pages\/138\/revisions"}],"predecessor-version":[{"id":676,"href":"https:\/\/iptechinstalacje.pl\/index.php\/wp-json\/wp\/v2\/pages\/138\/revisions\/676"}],"up":[{"embeddable":true,"href":"https:\/\/iptechinstalacje.pl\/index.php\/wp-json\/wp\/v2\/pages\/25"}],"wp:featuredmedia":[{"embeddable":true,"href":"https:\/\/iptechinstalacje.pl\/index.php\/wp-json\/wp\/v2\/media\/298"}],"wp:attachment":[{"href":"https:\/\/iptechinstalacje.pl\/index.php\/wp-json\/wp\/v2\/media?parent=138"}],"curies":[{"name":"wp","href":"https:\/\/api.w.org\/{rel}","templated":true}]}}