{"id":113,"date":"2015-10-22T14:34:37","date_gmt":"2015-10-22T12:34:37","guid":{"rendered":"http:\/\/test.kriesi.at\/construction\/?page_id=113"},"modified":"2023-03-07T17:24:10","modified_gmt":"2023-03-07T16:24:10","slug":"systemy-alarmowe","status":"publish","type":"page","link":"https:\/\/iptechinstalacje.pl\/index.php\/uslugi\/systemy-alarmowe\/","title":{"rendered":"Systemy alarmowe"},"content":{"rendered":"<div  class='avia-slideshow av-41da8h-3c52dfe366d0117bba0237e014516050 avia-slideshow-featured_large av_slideshow avia-fade-slider  avia-builder-el-0  el_before_av_one_full  avia-builder-el-first  av-slideshow-ui av-control-hidden av-no-slider-navigation av-hide-nav-arrows av-slideshow-autoplay av-loop-endless av-loop-manual-endless av-default-height-applied avia-slideshow-1' data-slideshow-options=\"{&quot;animation&quot;:&quot;fade&quot;,&quot;autoplay&quot;:true,&quot;loop_autoplay&quot;:&quot;endless&quot;,&quot;interval&quot;:5,&quot;loop_manual&quot;:&quot;manual-endless&quot;,&quot;autoplay_stopper&quot;:false,&quot;noNavigation&quot;:true,&quot;bg_slider&quot;:false,&quot;keep_padding&quot;:false,&quot;hoverpause&quot;:false,&quot;show_slide_delay&quot;:0}\"  itemprop=\"image\" itemscope=\"itemscope\" itemtype=\"https:\/\/schema.org\/ImageObject\" ><ul class='avia-slideshow-inner ' style='padding-bottom: 42%;'><li  class='avia-slideshow-slide av-41da8h-3c52dfe366d0117bba0237e014516050__0  av-single-slide slide-1 slide-odd'><div data-rel='slideshow-1' class='avia-slide-wrap '   ><img decoding=\"async\" class=\"wp-image-392 avia-img-lazy-loading-not-392\"  src=\"https:\/\/iptechinstalacje.pl\/wp-content\/uploads\/2023\/02\/alarmglowne1-1500x630.jpg\" width=\"1500\" height=\"630\" title='Alarm system' alt=''  itemprop=\"thumbnailUrl\"   \/><\/div><\/li><\/ul><\/div>\n\n<style type=\"text\/css\" data-created_by=\"avia_inline_auto\" id=\"style-css-av-3dyhyh-818ddc62303967d74c168b91a730c637\">\n#top .flex_column.av-3dyhyh-818ddc62303967d74c168b91a730c637{\nmargin-top:0px;\nmargin-bottom:0px;\n}\n.flex_column.av-3dyhyh-818ddc62303967d74c168b91a730c637{\n-webkit-border-radius:0px 0px 0px 0px;\n-moz-border-radius:0px 0px 0px 0px;\nborder-radius:0px 0px 0px 0px;\npadding:0px 0px 0px 0px;\n}\n.responsive #top #wrap_all .flex_column.av-3dyhyh-818ddc62303967d74c168b91a730c637{\nmargin-top:0px;\nmargin-bottom:0px;\n}\n<\/style>\n<div class='flex_column av-3dyhyh-818ddc62303967d74c168b91a730c637 av_one_full  avia-builder-el-1  el_after_av_slideshow  el_before_av_one_half  first flex_column_div av-animated-generic bottom-to-top av-zero-column-padding '     ><p>\n<style type=\"text\/css\" data-created_by=\"avia_inline_auto\" id=\"style-css-av-37htex-d2b4c78e83c4b6f3fbd4e770204eabb1\">\n#top .av-special-heading.av-37htex-d2b4c78e83c4b6f3fbd4e770204eabb1{\npadding-bottom:0;\n}\nbody .av-special-heading.av-37htex-d2b4c78e83c4b6f3fbd4e770204eabb1 .av-special-heading-tag .heading-char{\nfont-size:25px;\n}\n.av-special-heading.av-37htex-d2b4c78e83c4b6f3fbd4e770204eabb1 .av-subheading{\nfont-size:15px;\n}\n<\/style>\n<div  class='av-special-heading av-37htex-d2b4c78e83c4b6f3fbd4e770204eabb1 av-special-heading-h2 blockquote modern-quote  avia-builder-el-2  el_before_av_hr  avia-builder-el-first '><h2 class='av-special-heading-tag'  itemprop=\"headline\"  >Systemy alarmowe<\/h2><div class=\"special-heading-border\"><div class=\"special-heading-inner-border\"><\/div><\/div><\/div><br \/>\n\n<style type=\"text\/css\" data-created_by=\"avia_inline_auto\" id=\"style-css-av-30lm89-818b2001ef77d9f385fc031731e23204\">\n#top .hr.av-30lm89-818b2001ef77d9f385fc031731e23204{\nmargin-top:10px;\nmargin-bottom:10px;\n}\n.hr.av-30lm89-818b2001ef77d9f385fc031731e23204 .hr-inner{\nwidth:50px;\nborder-color:#efbb20;\n}\n<\/style>\n<div  class='hr av-30lm89-818b2001ef77d9f385fc031731e23204 hr-custom  avia-builder-el-3  el_after_av_heading  avia-builder-el-last  hr-left hr-icon-no'><span class='hr-inner inner-border-av-border-fat'><span class=\"hr-inner-style\"><\/span><\/span><\/div><\/p><\/div>\n\n<style type=\"text\/css\" data-created_by=\"avia_inline_auto\" id=\"style-css-av-2upd0x-d8cbb1df56417a82e4e9b26f5cdb0c1f\">\n#top .flex_column.av-2upd0x-d8cbb1df56417a82e4e9b26f5cdb0c1f{\nmargin-top:0px;\nmargin-bottom:0px;\n}\n.flex_column.av-2upd0x-d8cbb1df56417a82e4e9b26f5cdb0c1f{\n-webkit-border-radius:0px 0px 0px 0px;\n-moz-border-radius:0px 0px 0px 0px;\nborder-radius:0px 0px 0px 0px;\npadding:0px 0px 0px 0px;\n}\n.responsive #top #wrap_all .flex_column.av-2upd0x-d8cbb1df56417a82e4e9b26f5cdb0c1f{\nmargin-top:0px;\nmargin-bottom:0px;\n}\n<\/style>\n<div class='flex_column av-2upd0x-d8cbb1df56417a82e4e9b26f5cdb0c1f av_one_half  avia-builder-el-4  el_after_av_one_full  el_before_av_one_half  first flex_column_div av-animated-generic bottom-to-top av-zero-column-padding column-top-margin'     ><section  class='av_textblock_section av-2sf2u1-3ed8fa319d16823a7085ce8166ba16a1'  itemscope=\"itemscope\" itemtype=\"https:\/\/schema.org\/CreativeWork\" ><div class='avia_textblock'  itemprop=\"text\" ><p>Tu Panie chwilowo nic nie ma<\/p>\n<\/div><\/section><\/div>\n<style type=\"text\/css\" data-created_by=\"avia_inline_auto\" id=\"style-css-av-2l1h3t-6bd660433f5ffca7d8468fbe7e38e859\">\n#top .flex_column.av-2l1h3t-6bd660433f5ffca7d8468fbe7e38e859{\nmargin-top:0px;\nmargin-bottom:0px;\n}\n.flex_column.av-2l1h3t-6bd660433f5ffca7d8468fbe7e38e859{\n-webkit-border-radius:0px 0px 0px 0px;\n-moz-border-radius:0px 0px 0px 0px;\nborder-radius:0px 0px 0px 0px;\npadding:0px 0px 0px 0px;\n}\n.responsive #top #wrap_all .flex_column.av-2l1h3t-6bd660433f5ffca7d8468fbe7e38e859{\nmargin-top:0px;\nmargin-bottom:0px;\n}\n<\/style>\n<div class='flex_column av-2l1h3t-6bd660433f5ffca7d8468fbe7e38e859 av_one_half  avia-builder-el-6  el_after_av_one_half  el_before_av_one_full  flex_column_div av-animated-generic bottom-to-top av-zero-column-padding column-top-margin'     ><section  class='av_textblock_section av-2cgfc1-452c509a90343a5387bcdc3b380030fa'  itemscope=\"itemscope\" itemtype=\"https:\/\/schema.org\/CreativeWork\" ><div class='avia_textblock'  itemprop=\"text\" ><p>Tu te\u017c zupe\u0142nie nic.<\/p>\n<\/div><\/section><\/div>\n<style type=\"text\/css\" data-created_by=\"avia_inline_auto\" id=\"style-css-av-26z0up-16bb18930fdcf091804709950fac702f\">\n.flex_column.av-26z0up-16bb18930fdcf091804709950fac702f{\n-webkit-border-radius:0px 0px 0px 0px;\n-moz-border-radius:0px 0px 0px 0px;\nborder-radius:0px 0px 0px 0px;\npadding:0px 0px 0px 0px;\n}\n<\/style>\n<div class='flex_column av-26z0up-16bb18930fdcf091804709950fac702f av_one_full  avia-builder-el-8  el_after_av_one_half  el_before_av_one_half  first flex_column_div av-animated-generic bottom-to-top av-zero-column-padding column-top-margin'     ><div  class='togglecontainer av-25aos9-70a5c5ec3bfddbffc3e4d111b7fb083e  avia-builder-el-9  avia-builder-el-no-sibling  toggle_close_all' >\n<section class='av_toggle_section av-6qo75-d2bb9aac7dccb66b3bf4ab4b5a55e374'  itemscope=\"itemscope\" itemtype=\"https:\/\/schema.org\/CreativeWork\" ><div role=\"tablist\" class=\"single_toggle\" data-tags=\"{Wszystko} \"  ><p data-fake-id='#toggle-id-1' class='toggler  activeTitle '  itemprop=\"headline\"  role='tab' tabindex='0' aria-controls='toggle-id-1'>Co to jest system alarmowy?<span class=\"toggle_icon\"><span class=\"vert_icon\"><\/span><span class=\"hor_icon\"><\/span><\/span><\/p><div id='toggle-id-1' class='toggle_wrap  active_tc' style='display:block;' ><div class='toggle_content invers-color '  itemprop=\"text\" ><p>System alarmowy jest to elektroniczny system ostrzegaj\u0105cy o nieuprawnionym dost\u0119pie do zastrze\u017conego obszaru.<\/p>\n<\/div><\/div><\/div><\/section>\n<\/div><\/div>\n<style type=\"text\/css\" data-created_by=\"avia_inline_auto\" id=\"style-css-av-1duryx-c9cae71935d80549c8506f46f5c2b9de\">\n.flex_column.av-1duryx-c9cae71935d80549c8506f46f5c2b9de{\n-webkit-border-radius:0px 0px 0px 0px;\n-moz-border-radius:0px 0px 0px 0px;\nborder-radius:0px 0px 0px 0px;\npadding:0px 0px 0px 0px;\n}\n<\/style>\n<div class='flex_column av-1duryx-c9cae71935d80549c8506f46f5c2b9de av_one_half  avia-builder-el-10  el_after_av_one_full  el_before_av_one_half  first flex_column_div av-animated-generic bottom-to-top av-zero-column-padding column-top-margin'     ><p>\n<style type=\"text\/css\" data-created_by=\"avia_inline_auto\" id=\"style-css-av-1blsuh-9c33e38a83914dfab4c9baa7d3548f19\">\n#top .av-special-heading.av-1blsuh-9c33e38a83914dfab4c9baa7d3548f19{\npadding-bottom:0;\n}\nbody .av-special-heading.av-1blsuh-9c33e38a83914dfab4c9baa7d3548f19 .av-special-heading-tag .heading-char{\nfont-size:25px;\n}\n.av-special-heading.av-1blsuh-9c33e38a83914dfab4c9baa7d3548f19 .av-subheading{\nfont-size:15px;\n}\n<\/style>\n<div  class='av-special-heading av-1blsuh-9c33e38a83914dfab4c9baa7d3548f19 av-special-heading-h2 blockquote modern-quote  avia-builder-el-11  el_before_av_hr  avia-builder-el-first '><h2 class='av-special-heading-tag'  itemprop=\"headline\"  >Co musisz wiedzie\u0107?<\/h2><div class=\"special-heading-border\"><div class=\"special-heading-inner-border\"><\/div><\/div><\/div><br \/>\n\n<style type=\"text\/css\" data-created_by=\"avia_inline_auto\" id=\"style-css-av-122wpl-f68414f12b5281ea11a93ae09a20558d\">\n#top .hr.av-122wpl-f68414f12b5281ea11a93ae09a20558d{\nmargin-top:10px;\nmargin-bottom:10px;\n}\n.hr.av-122wpl-f68414f12b5281ea11a93ae09a20558d .hr-inner{\nwidth:50px;\nborder-color:#efbb20;\n}\n<\/style>\n<div  class='hr av-122wpl-f68414f12b5281ea11a93ae09a20558d hr-custom  avia-builder-el-12  el_after_av_heading  el_before_av_textblock  hr-left hr-icon-no'><span class='hr-inner inner-border-av-border-fat'><span class=\"hr-inner-style\"><\/span><\/span><\/div><br \/>\n<section  class='av_textblock_section av-wvy01-31c11f91961aa8484d931d10cc8be782'  itemscope=\"itemscope\" itemtype=\"https:\/\/schema.org\/CreativeWork\" ><div class='avia_textblock'  itemprop=\"text\" ><p>System musi by\u0107 dostosowany do Twoich potrzeb i spe\u0142nia\u0107 swoje funkcje.<\/p>\n<\/div><\/section><\/p><\/div>\n<style type=\"text\/css\" data-created_by=\"avia_inline_auto\" id=\"style-css-av-sb3l5-ff2c8f57d10d9b311845198e8ea77073\">\n.flex_column.av-sb3l5-ff2c8f57d10d9b311845198e8ea77073{\n-webkit-border-radius:0px 0px 0px 0px;\n-moz-border-radius:0px 0px 0px 0px;\nborder-radius:0px 0px 0px 0px;\npadding:0px 0px 0px 0px;\n}\n<\/style>\n<div class='flex_column av-sb3l5-ff2c8f57d10d9b311845198e8ea77073 av_one_half  avia-builder-el-14  el_after_av_one_half  el_before_av_one_full  flex_column_div av-animated-generic bottom-to-top av-zero-column-padding column-top-margin'     ><style type=\"text\/css\" data-created_by=\"avia_inline_auto\" id=\"style-css-av-1z5td-e80c096d9ffb032a059ae6e57dcc96ba\">\n.avia-image-container.av-1z5td-e80c096d9ffb032a059ae6e57dcc96ba img.avia_image{\nbox-shadow:none;\n}\n.avia-image-container.av-1z5td-e80c096d9ffb032a059ae6e57dcc96ba .av-image-caption-overlay-center{\ncolor:#ffffff;\n}\n<\/style>\n<div  class='avia-image-container av-1z5td-e80c096d9ffb032a059ae6e57dcc96ba av-styling-no-styling avia-align-center  avia-builder-el-15  avia-builder-el-no-sibling '   itemprop=\"image\" itemscope=\"itemscope\" itemtype=\"https:\/\/schema.org\/ImageObject\" ><div class=\"avia-image-container-inner\"><div class=\"avia-image-overlay-wrap\"><img decoding=\"async\" class='wp-image-392 avia-img-lazy-loading-not-392 avia_image ' src=\"https:\/\/iptechinstalacje.pl\/wp-content\/uploads\/2023\/02\/alarmglowne1-300x200.jpg\" alt='' title='Alarm system'  height=\"200\" width=\"300\"  itemprop=\"thumbnailUrl\" srcset=\"https:\/\/iptechinstalacje.pl\/wp-content\/uploads\/2023\/02\/alarmglowne1-300x200.jpg 300w, https:\/\/iptechinstalacje.pl\/wp-content\/uploads\/2023\/02\/alarmglowne1-1030x687.jpg 1030w, https:\/\/iptechinstalacje.pl\/wp-content\/uploads\/2023\/02\/alarmglowne1-768x512.jpg 768w, https:\/\/iptechinstalacje.pl\/wp-content\/uploads\/2023\/02\/alarmglowne1-1536x1024.jpg 1536w, https:\/\/iptechinstalacje.pl\/wp-content\/uploads\/2023\/02\/alarmglowne1-2048x1365.jpg 2048w, https:\/\/iptechinstalacje.pl\/wp-content\/uploads\/2023\/02\/alarmglowne1-1500x1000.jpg 1500w, https:\/\/iptechinstalacje.pl\/wp-content\/uploads\/2023\/02\/alarmglowne1-705x470.jpg 705w\" sizes=\"(max-width: 300px) 100vw, 300px\" \/><\/div><\/div><\/div><\/div><\/p>\n\n<style type=\"text\/css\" data-created_by=\"avia_inline_auto\" id=\"style-css-av-ecwvt-58c9cbc4659515e95d82edeb4584dec4\">\n.flex_column.av-ecwvt-58c9cbc4659515e95d82edeb4584dec4{\nborder-width:1px;\nborder-color:#e1e1e1;\nborder-style:solid;\n-webkit-border-radius:0px 0px 0px 0px;\n-moz-border-radius:0px 0px 0px 0px;\nborder-radius:0px 0px 0px 0px;\npadding:20px 20px 20px 20px;\nbackground-color:#fcfcfc;\n}\n<\/style>\n<div class='flex_column av-ecwvt-58c9cbc4659515e95d82edeb4584dec4 av_one_full  avia-builder-el-16  el_after_av_one_half  avia-builder-el-last  first flex_column_div av-animated-generic bottom-to-top column-top-margin'     ><section  class='av_textblock_section av-6wsvl-33b0f38b89e9ab678dd0050a987e3f73'  itemscope=\"itemscope\" itemtype=\"https:\/\/schema.org\/CreativeWork\" ><div class='avia_textblock'  itemprop=\"text\" ><p>A tak poz tym to nie wiem o czym pisze \ud83d\ude42<\/p>\n<\/div><\/section><\/div>\n","protected":false},"excerpt":{"rendered":"","protected":false},"author":2,"featured_media":298,"parent":25,"menu_order":2,"comment_status":"closed","ping_status":"closed","template":"","meta":{"footnotes":""},"class_list":["post-113","page","type-page","status-publish","has-post-thumbnail","hentry"],"yoast_head":"<!-- This site is optimized with the Yoast SEO plugin v20.2.1 - https:\/\/yoast.com\/wordpress\/plugins\/seo\/ -->\n<title>Systemy alarmowe - IPTech<\/title>\n<meta name=\"robots\" content=\"index, follow, max-snippet:-1, max-image-preview:large, max-video-preview:-1\" \/>\n<link rel=\"canonical\" href=\"https:\/\/iptechinstalacje.pl\/index.php\/uslugi\/systemy-alarmowe\/\" \/>\n<meta property=\"og:locale\" content=\"pl_PL\" \/>\n<meta property=\"og:type\" content=\"article\" \/>\n<meta property=\"og:title\" content=\"Systemy alarmowe - IPTech\" \/>\n<meta property=\"og:url\" content=\"https:\/\/iptechinstalacje.pl\/index.php\/uslugi\/systemy-alarmowe\/\" \/>\n<meta property=\"og:site_name\" content=\"IPTech\" \/>\n<meta property=\"article:modified_time\" content=\"2023-03-07T16:24:10+00:00\" \/>\n<meta property=\"og:image\" content=\"https:\/\/iptechinstalacje.pl\/wp-content\/uploads\/2023\/02\/iptech_2.png\" \/>\n\t<meta property=\"og:image:width\" content=\"173\" \/>\n\t<meta property=\"og:image:height\" content=\"175\" \/>\n\t<meta property=\"og:image:type\" content=\"image\/png\" \/>\n<meta name=\"twitter:card\" content=\"summary_large_image\" \/>\n<meta name=\"twitter:label1\" content=\"Szacowany czas czytania\" \/>\n\t<meta name=\"twitter:data1\" content=\"10 minut\" \/>\n<script type=\"application\/ld+json\" class=\"yoast-schema-graph\">{\"@context\":\"https:\/\/schema.org\",\"@graph\":[{\"@type\":\"WebPage\",\"@id\":\"https:\/\/iptechinstalacje.pl\/index.php\/uslugi\/systemy-alarmowe\/\",\"url\":\"https:\/\/iptechinstalacje.pl\/index.php\/uslugi\/systemy-alarmowe\/\",\"name\":\"Systemy alarmowe - IPTech\",\"isPartOf\":{\"@id\":\"https:\/\/iptechinstalacje.pl\/#website\"},\"datePublished\":\"2015-10-22T12:34:37+00:00\",\"dateModified\":\"2023-03-07T16:24:10+00:00\",\"breadcrumb\":{\"@id\":\"https:\/\/iptechinstalacje.pl\/index.php\/uslugi\/systemy-alarmowe\/#breadcrumb\"},\"inLanguage\":\"pl-PL\",\"potentialAction\":[{\"@type\":\"ReadAction\",\"target\":[\"https:\/\/iptechinstalacje.pl\/index.php\/uslugi\/systemy-alarmowe\/\"]}]},{\"@type\":\"BreadcrumbList\",\"@id\":\"https:\/\/iptechinstalacje.pl\/index.php\/uslugi\/systemy-alarmowe\/#breadcrumb\",\"itemListElement\":[{\"@type\":\"ListItem\",\"position\":1,\"name\":\"Strona g\u0142\u00f3wna\",\"item\":\"https:\/\/iptechinstalacje.pl\/\"},{\"@type\":\"ListItem\",\"position\":2,\"name\":\"Us\u0142ugi\",\"item\":\"https:\/\/iptechinstalacje.pl\/index.php\/uslugi\/\"},{\"@type\":\"ListItem\",\"position\":3,\"name\":\"Systemy alarmowe\"}]},{\"@type\":\"WebSite\",\"@id\":\"https:\/\/iptechinstalacje.pl\/#website\",\"url\":\"https:\/\/iptechinstalacje.pl\/\",\"name\":\"IPTech\",\"description\":\"IPTech Homepage\",\"potentialAction\":[{\"@type\":\"SearchAction\",\"target\":{\"@type\":\"EntryPoint\",\"urlTemplate\":\"https:\/\/iptechinstalacje.pl\/?s={search_term_string}\"},\"query-input\":\"required name=search_term_string\"}],\"inLanguage\":\"pl-PL\"}]}<\/script>\n<!-- \/ Yoast SEO plugin. -->","yoast_head_json":{"title":"Systemy alarmowe - IPTech","robots":{"index":"index","follow":"follow","max-snippet":"max-snippet:-1","max-image-preview":"max-image-preview:large","max-video-preview":"max-video-preview:-1"},"canonical":"https:\/\/iptechinstalacje.pl\/index.php\/uslugi\/systemy-alarmowe\/","og_locale":"pl_PL","og_type":"article","og_title":"Systemy alarmowe - IPTech","og_url":"https:\/\/iptechinstalacje.pl\/index.php\/uslugi\/systemy-alarmowe\/","og_site_name":"IPTech","article_modified_time":"2023-03-07T16:24:10+00:00","og_image":[{"width":173,"height":175,"url":"https:\/\/iptechinstalacje.pl\/wp-content\/uploads\/2023\/02\/iptech_2.png","type":"image\/png"}],"twitter_card":"summary_large_image","twitter_misc":{"Szacowany czas czytania":"10 minut"},"schema":{"@context":"https:\/\/schema.org","@graph":[{"@type":"WebPage","@id":"https:\/\/iptechinstalacje.pl\/index.php\/uslugi\/systemy-alarmowe\/","url":"https:\/\/iptechinstalacje.pl\/index.php\/uslugi\/systemy-alarmowe\/","name":"Systemy alarmowe - IPTech","isPartOf":{"@id":"https:\/\/iptechinstalacje.pl\/#website"},"datePublished":"2015-10-22T12:34:37+00:00","dateModified":"2023-03-07T16:24:10+00:00","breadcrumb":{"@id":"https:\/\/iptechinstalacje.pl\/index.php\/uslugi\/systemy-alarmowe\/#breadcrumb"},"inLanguage":"pl-PL","potentialAction":[{"@type":"ReadAction","target":["https:\/\/iptechinstalacje.pl\/index.php\/uslugi\/systemy-alarmowe\/"]}]},{"@type":"BreadcrumbList","@id":"https:\/\/iptechinstalacje.pl\/index.php\/uslugi\/systemy-alarmowe\/#breadcrumb","itemListElement":[{"@type":"ListItem","position":1,"name":"Strona g\u0142\u00f3wna","item":"https:\/\/iptechinstalacje.pl\/"},{"@type":"ListItem","position":2,"name":"Us\u0142ugi","item":"https:\/\/iptechinstalacje.pl\/index.php\/uslugi\/"},{"@type":"ListItem","position":3,"name":"Systemy alarmowe"}]},{"@type":"WebSite","@id":"https:\/\/iptechinstalacje.pl\/#website","url":"https:\/\/iptechinstalacje.pl\/","name":"IPTech","description":"IPTech Homepage","potentialAction":[{"@type":"SearchAction","target":{"@type":"EntryPoint","urlTemplate":"https:\/\/iptechinstalacje.pl\/?s={search_term_string}"},"query-input":"required name=search_term_string"}],"inLanguage":"pl-PL"}]}},"_links":{"self":[{"href":"https:\/\/iptechinstalacje.pl\/index.php\/wp-json\/wp\/v2\/pages\/113","targetHints":{"allow":["GET"]}}],"collection":[{"href":"https:\/\/iptechinstalacje.pl\/index.php\/wp-json\/wp\/v2\/pages"}],"about":[{"href":"https:\/\/iptechinstalacje.pl\/index.php\/wp-json\/wp\/v2\/types\/page"}],"author":[{"embeddable":true,"href":"https:\/\/iptechinstalacje.pl\/index.php\/wp-json\/wp\/v2\/users\/2"}],"replies":[{"embeddable":true,"href":"https:\/\/iptechinstalacje.pl\/index.php\/wp-json\/wp\/v2\/comments?post=113"}],"version-history":[{"count":5,"href":"https:\/\/iptechinstalacje.pl\/index.php\/wp-json\/wp\/v2\/pages\/113\/revisions"}],"predecessor-version":[{"id":554,"href":"https:\/\/iptechinstalacje.pl\/index.php\/wp-json\/wp\/v2\/pages\/113\/revisions\/554"}],"up":[{"embeddable":true,"href":"https:\/\/iptechinstalacje.pl\/index.php\/wp-json\/wp\/v2\/pages\/25"}],"wp:featuredmedia":[{"embeddable":true,"href":"https:\/\/iptechinstalacje.pl\/index.php\/wp-json\/wp\/v2\/media\/298"}],"wp:attachment":[{"href":"https:\/\/iptechinstalacje.pl\/index.php\/wp-json\/wp\/v2\/media?parent=113"}],"curies":[{"name":"wp","href":"https:\/\/api.w.org\/{rel}","templated":true}]}}